{"id":1691,"date":"2023-02-04T05:47:59","date_gmt":"2023-02-04T05:47:59","guid":{"rendered":"https:\/\/gwuagency.wpengine.com\/?page_id=1691"},"modified":"2025-07-16T18:52:16","modified_gmt":"2025-07-16T18:52:16","slug":"terms-conditions","status":"publish","type":"page","link":"https:\/\/gwuagency.com\/es\/terms-conditions\/","title":{"rendered":"Terms &amp; Conditions"},"content":{"rendered":"<style>\/*! elementor - v3.15.0 - 09-08-2023 *\/<br \/>.elementor-widget-divider{--divider-border-style:none;--divider-border-width:1px;--divider-color:#0c0d0e;--divider-icon-size:20px;--divider-element-spacing:10px;--divider-pattern-height:24px;--divider-pattern-size:20px;--divider-pattern-url:none;--divider-pattern-repeat:repeat-x}.elementor-widget-divider .elementor-divider{display:flex}.elementor-widget-divider .elementor-divider__text{font-size:15px;line-height:1;max-width:95%}.elementor-widget-divider .elementor-divider__element{margin:0 var(--divider-element-spacing);flex-shrink:0}.elementor-widget-divider .elementor-icon{font-size:var(--divider-icon-size)}.elementor-widget-divider .elementor-divider-separator{display:flex;margin:0;direction:ltr}.elementor-widget-divider--view-line_icon .elementor-divider-separator,.elementor-widget-divider--view-line_text .elementor-divider-separator{align-items:center}.elementor-widget-divider--view-line_icon .elementor-divider-separator:after,.elementor-widget-divider--view-line_icon .elementor-divider-separator:before,.elementor-widget-divider--view-line_text .elementor-divider-separator:after,.elementor-widget-divider--view-line_text .elementor-divider-separator:before{display:block;content:\"\";border-bottom:0;flex-grow:1;border-top:var(--divider-border-width) var(--divider-border-style) var(--divider-color)}.elementor-widget-divider--element-align-left .elementor-divider .elementor-divider-separator>.elementor-divider__svg:first-of-type{flex-grow:0;flex-shrink:100}.elementor-widget-divider--element-align-left .elementor-divider-separator:before{content:none}.elementor-widget-divider--element-align-left .elementor-divider__element{margin-left:0}.elementor-widget-divider--element-align-right .elementor-divider .elementor-divider-separator>.elementor-divider__svg:last-of-type{flex-grow:0;flex-shrink:100}.elementor-widget-divider--element-align-right .elementor-divider-separator:after{content:none}.elementor-widget-divider--element-align-right .elementor-divider__element{margin-right:0}.elementor-widget-divider:not(.elementor-widget-divider--view-line_text):not(.elementor-widget-divider--view-line_icon) .elementor-divider-separator{border-top:var(--divider-border-width) var(--divider-border-style) var(--divider-color)}.elementor-widget-divider--separator-type-pattern{--divider-border-style:none}.elementor-widget-divider--separator-type-pattern.elementor-widget-divider--view-line .elementor-divider-separator,.elementor-widget-divider--separator-type-pattern:not(.elementor-widget-divider--view-line) .elementor-divider-separator:after,.elementor-widget-divider--separator-type-pattern:not(.elementor-widget-divider--view-line) .elementor-divider-separator:before,.elementor-widget-divider--separator-type-pattern:not([class*=elementor-widget-divider--view]) .elementor-divider-separator{width:100%;min-height:var(--divider-pattern-height);-webkit-mask-size:var(--divider-pattern-size) 100%;mask-size:var(--divider-pattern-size) 100%;-webkit-mask-repeat:var(--divider-pattern-repeat);mask-repeat:var(--divider-pattern-repeat);background-color:var(--divider-color);-webkit-mask-image:var(--divider-pattern-url);mask-image:var(--divider-pattern-url)}.elementor-widget-divider--no-spacing{--divider-pattern-size:auto}.elementor-widget-divider--bg-round{--divider-pattern-repeat:round}.rtl .elementor-widget-divider .elementor-divider__text{direction:rtl}.e-con-inner>.elementor-widget-divider,.e-con>.elementor-widget-divider{width:var(--container-widget-width,100%);--flex-grow:var(--container-widget-flex-grow)}<\/style>\n<p><b>Acuerdo entre el usuario y GWUAGENCY.COM<\/b><\/p>\n<p>Bienvenido a GWUAGENCY.COM. El sitio web GWUAGENCY.COM (el \u201cSitio\u201d) es operado por GROW WITH US AGENCY (\u201cGood Life Express LLC\u201d). El acceso a GWUAGENCY.COM est\u00e1 condicionado a la aceptaci\u00f3n, sin modificaciones, de los t\u00e9rminos, condiciones y avisos aqu\u00ed contenidos (los \u201cT\u00e9rminos\u201d). El uso de GWUAGENCY.COM implica la aceptaci\u00f3n de todos los T\u00e9rminos. Lea atentamente estos t\u00e9rminos y guarde una copia para su referencia.<\/p>\n<p><b>GWUAGENCY.COM es un sitio web de una agencia de marketing.<\/b><\/p>\n<p>Ayudamos a clientes de todos los sectores y niveles a crecer en las redes sociales para atraer m\u00e1s clientes potenciales y hacer crecer su negocio a trav\u00e9s de nuestros exclusivos servicios de marketing digital de primer nivel.<\/p>\n<p><b>Comunicaciones Electr\u00f3nicas<\/b><\/p>\n<p>Visitar GWUAGENCY.COM o enviar correos electr\u00f3nicos a GWU constituye una comunicaci\u00f3n electr\u00f3nica. Usted consiente recibir comunicaciones electr\u00f3nicas y acepta que todos los acuerdos, avisos, divulgaciones y dem\u00e1s comunicaciones que le proporcionemos electr\u00f3nicamente, por correo electr\u00f3nico y en el Sitio, cumplen con cualquier requisito legal de que dichas comunicaciones consten por escrito.<\/p>\n<p><b>Ni\u00f1os menores de trece a\u00f1os<\/b><\/p>\n<p>GWU no recopila, ni en l\u00ednea ni fuera de l\u00ednea, informaci\u00f3n personal de menores de trece a\u00f1os. Si eres menor de 18 a\u00f1os, solo puedes usar GWUAGENCY.COM con el permiso de un padre o tutor.<\/p>\n<p><b>Pol\u00edtica de cancelaci\u00f3n\/reembolso<\/b><\/p>\n<p>Puedes cancelar tu cuota de mantenimiento o suscripci\u00f3n mensual inicial en cualquier momento. Sin embargo, no se realizan reembolsos tras la compra de ninguno de nuestros servicios o paquetes de pago \u00fanico, incluidos, entre otros, los de crecimiento, participaci\u00f3n, consultor\u00eda, divulgaci\u00f3n, creaci\u00f3n de contenido o implementaci\u00f3n estrat\u00e9gica, ya que invertimos una gran suma de dinero para ofrecerte un servicio de la m\u00e1s alta calidad.<\/p>\n<p><strong>Tarifa de mantenimiento en paquetes populares<\/strong><\/p>\n<p>Todos los gastos de mantenimiento de los paquetes m\u00e1s populares se facturan autom\u00e1ticamente en 31 d\u00edas a menos que usted indique lo contrario a nuestro equipo.<\/p>\n<p><b>Enlaces a sitios web de terceros\/Servicios de terceros<\/b><\/p>\n<p>GWUAGENCY.COM puede contener enlaces a otros sitios web (\u00abSitios Enlazados\u00bb). GWU no controla los Sitios Enlazados ni se responsabiliza de su contenido, incluyendo, entre otros, cualquier enlace que contengan, ni de las modificaciones o actualizaciones que se realicen en ellos. GWU proporciona estos enlaces \u00fanicamente para su comodidad, y su inclusi\u00f3n no implica que GWU avale el sitio ni que tenga ninguna relaci\u00f3n con sus operadores. Algunos servicios disponibles a trav\u00e9s de GWUAGENCY.COM son prestados por sitios web y organizaciones de terceros. Al utilizar cualquier producto, servicio o funcionalidad del dominio GWUAGENCY.COM, usted reconoce y acepta que GWU puede compartir dicha informaci\u00f3n y datos con cualquier tercero con quien tenga una relaci\u00f3n contractual para proporcionar el producto, servicio o funcionalidad solicitados en nombre de los usuarios y clientes de GWUAGENCY.COM.<\/p>\n<p><b>No se permite el uso ilegal o prohibido de la propiedad intelectual.<\/b><\/p>\n<p>Se te concede una licencia no exclusiva, intransferible y revocable para acceder y usar GWUAGENCY.COM estrictamente de acuerdo con estos t\u00e9rminos de uso. Como condici\u00f3n de tu uso del Sitio, garantizas a GWU que no usar\u00e1s el Sitio para ning\u00fan prop\u00f3sito que sea ilegal o est\u00e9 prohibido por estos T\u00e9rminos. No puedes usar el Sitio de ninguna manera que pudiera da\u00f1ar, deshabilitar, sobrecargar o perjudicar el Sitio o interferir con el uso y disfrute del Sitio por parte de cualquier otra parte. No puedes obtener ni intentar obtener ning\u00fan material o informaci\u00f3n por ning\u00fan medio no puesto intencionalmente a disposici\u00f3n o proporcionado a trav\u00e9s del Sitio.\n\nTodo el contenido incluido como parte del Servicio, como texto, gr\u00e1ficos, logotipos, im\u00e1genes, as\u00ed como su compilaci\u00f3n, y cualquier software utilizado en el Sitio, es propiedad de GWU o de sus proveedores y est\u00e1 protegido por derechos de autor y otras leyes que protegen la propiedad intelectual y los derechos de propiedad. Aceptas observar y cumplir todos los avisos de derechos de autor y otros avisos de propiedad, leyendas u otras restricciones contenidas en dicho contenido y no realizar\u00e1s ning\u00fan cambio en ellos.\n\nNo modificar\u00e1s, publicar\u00e1s, transmitir\u00e1s, realizar\u00e1s ingenier\u00eda inversa, participar\u00e1s en la transferencia o venta, crear\u00e1s obras derivadas o de ninguna manera explotar\u00e1s ninguno de los contenidos, en su totalidad o en parte, que se encuentren en el Sitio. El contenido de GWU no es para reventa. Tu uso del Sitio no te da derecho a hacer ning\u00fan uso no autorizado de ning\u00fan contenido protegido y, en particular, no eliminar\u00e1s ni alterar\u00e1s ning\u00fan aviso de derechos de propiedad o de atribuci\u00f3n en ning\u00fan contenido. Utilizar\u00e1s el contenido protegido \u00fanicamente para tu uso personal y no har\u00e1s ning\u00fan otro uso del contenido sin el permiso expreso por escrito de GWU y del propietario de los derechos de autor. Aceptas que no adquieres ning\u00fan derecho de propiedad sobre ning\u00fan contenido protegido. No te otorgamos ninguna licencia, expresa o impl\u00edcita, sobre la propiedad intelectual de GWU o de nuestros licenciantes, excepto seg\u00fan lo autorizado expresamente por estos T\u00e9rminos.<\/p>\n<p><b>Indemnizaci\u00f3n<\/b><\/p>\n<p>Usted se compromete a indemnizar, defender y eximir de responsabilidad a GWU, sus directivos, empleados, agentes y terceros, por cualquier p\u00e9rdida, costo, responsabilidad y gasto (incluidos los honorarios razonables de abogados) relacionados con su uso o imposibilidad de uso del Sitio o los servicios. GWU se reserva el derecho, a su propio costo, de asumir la defensa y el control exclusivos de cualquier asunto que, de otro modo, estar\u00eda sujeto a indemnizaci\u00f3n por su parte, en cuyo caso usted cooperar\u00e1 plenamente con GWU para hacer valer cualquier defensa disponible.<\/p>\n<p><b>Arbitraje<\/b><\/p>\n<p>En caso de que las partes no puedan resolver cualquier disputa entre ellas que surja de o est\u00e9 relacionada con estos T\u00e9rminos y Condiciones, o con cualquiera de sus disposiciones, ya sea por contrato, agravio o de otro modo conforme a la ley o en equidad por da\u00f1os u otra compensaci\u00f3n, dicha disputa ser\u00e1 resuelta \u00fanicamente mediante arbitraje final y vinculante de conformidad con la Ley Federal de Arbitraje, llevado a cabo por un solo \u00e1rbitro neutral y administrado por la Asociaci\u00f3n Americana de Arbitraje, o un servicio de arbitraje similar seleccionado por las partes, en una ubicaci\u00f3n mutuamente acordada por las partes. El laudo del \u00e1rbitro ser\u00e1 final, y se podr\u00e1 dictar sentencia sobre \u00e9l en cualquier tribunal con jurisdicci\u00f3n.\n\nEn el caso de que surja cualquier acci\u00f3n legal o equitativa, procedimiento o arbitraje derivado de o relacionado con estos T\u00e9rminos y Condiciones, la parte que prevalezca tendr\u00e1 derecho a recuperar sus costos y honorarios razonables de abogados. Las partes acuerdan arbitrar todas las disputas y reclamaciones relacionadas con estos T\u00e9rminos y Condiciones o cualquier disputa que surja como resultado de estos T\u00e9rminos y Condiciones, ya sea directa o indirectamente, incluidas las reclamaciones por agravio que resulten de estos T\u00e9rminos y Condiciones. Las partes acuerdan que la Ley Federal de Arbitraje rige la interpretaci\u00f3n y aplicaci\u00f3n de esta disposici\u00f3n. La disputa completa, incluida la amplitud y la exigibilidad de esta disposici\u00f3n de arbitraje, ser\u00e1 determinada por el \u00c1rbitro. Esta disposici\u00f3n de arbitraje sobrevivir\u00e1 a la terminaci\u00f3n de estos T\u00e9rminos y Condiciones.<\/p>\n<p><b>Terminaci\u00f3n\/Restricci\u00f3n de acceso<\/b><\/p>\n<p>GWU se reserva el derecho, a su entera discreci\u00f3n, de cancelar su acceso al Sitio y a los servicios relacionados, o a cualquier parte de los mismos, en cualquier momento y sin previo aviso. En la m\u00e1xima medida permitida por la ley, este acuerdo se rige por las leyes del Estado de Florida, y usted acepta someterse a la jurisdicci\u00f3n exclusiva de los tribunales de Florida para la resoluci\u00f3n de cualquier controversia que surja del uso del Sitio o est\u00e9 relacionada con \u00e9l. El uso del Sitio est\u00e1 prohibido en cualquier jurisdicci\u00f3n que no reconozca la validez de todas las disposiciones de estos T\u00e9rminos, incluyendo, entre otras, esta secci\u00f3n. Si alguna parte de este acuerdo se considera inv\u00e1lida o inaplicable seg\u00fan la legislaci\u00f3n vigente, incluyendo, entre otras, las exclusiones de garant\u00eda y las limitaciones de responsabilidad establecidas anteriormente, dicha disposici\u00f3n inv\u00e1lida o inaplicable se considerar\u00e1 sustituida por una disposici\u00f3n v\u00e1lida y aplicable que se ajuste lo m\u00e1s posible a la intenci\u00f3n de la disposici\u00f3n original, y el resto del acuerdo permanecer\u00e1 en vigor.<\/p>\n<p><b>Acuerdo completo<\/b><\/p>\n<p>Salvo que se indique lo contrario en el presente documento, este acuerdo constituye el acuerdo \u00edntegro entre el usuario y GWU con respecto al Sitio y reemplaza todas las comunicaciones y propuestas anteriores o simult\u00e1neas, ya sean electr\u00f3nicas, orales o escritas, entre el usuario y GWU con respecto al Sitio. Una versi\u00f3n impresa de este acuerdo y de cualquier notificaci\u00f3n realizada en formato electr\u00f3nico ser\u00e1 admisible en procedimientos judiciales o administrativos basados \u200b\u200ben este acuerdo o relacionados con \u00e9l, en la misma medida y con las mismas condiciones que otros documentos y registros comerciales generados y conservados originalmente en formato impreso. Es deseo expreso de las partes que este acuerdo y todos los documentos relacionados se redacten en ingl\u00e9s.<\/p>\n<p><b>Cambios a los t\u00e9rminos<\/b><\/p>\n<p>GWU se reserva el derecho, a su entera discreci\u00f3n, de modificar los T\u00e9rminos y Condiciones de GWUAGENCY.COM. La versi\u00f3n m\u00e1s reciente de los T\u00e9rminos y Condiciones reemplazar\u00e1 todas las versiones anteriores. GWU le recomienda revisar peri\u00f3dicamente los T\u00e9rminos y Condiciones para mantenerse al tanto de nuestras actualizaciones.<\/p>\n<p><b>Contacta con nosotros<\/b><\/p>\n<p>GWU agradece sus preguntas o comentarios sobre los T\u00e9rminos.<\/p>\n<p>Correo Electr\u00f3nico: <a href=\"mailto:INFO@GROWWITHUS.ME\">INFO@GROWWITHUS.ME<\/a><\/p>","protected":false},"excerpt":{"rendered":"<p>Agreement between User and GWUAGENCY.COM Welcome to GWUAGENCY.COM. The GWUAGENCY.COM website (the &#8220;Site&#8221;) is operated by GROW WITH US AGENCY (&#8220;Good Life Express LLC&#8221;). GWUAGENCY.COM is offered to you conditioned on your acceptance without modification of the terms, conditions, and notices contained herein (the &#8220;Terms&#8221;). Your use of GWUAGENCY.COM constitutes your agreement to all such [&hellip;]<\/p>","protected":false},"author":1,"featured_media":0,"parent":0,"menu_order":0,"comment_status":"closed","ping_status":"closed","template":"","meta":{"inline_featured_image":false,"footnotes":""},"class_list":["post-1691","page","type-page","status-publish","hentry"],"jetpack_sharing_enabled":true,"_links":{"self":[{"href":"https:\/\/gwuagency.com\/es\/wp-json\/wp\/v2\/pages\/1691","targetHints":{"allow":["GET"]}}],"collection":[{"href":"https:\/\/gwuagency.com\/es\/wp-json\/wp\/v2\/pages"}],"about":[{"href":"https:\/\/gwuagency.com\/es\/wp-json\/wp\/v2\/types\/page"}],"author":[{"embeddable":true,"href":"https:\/\/gwuagency.com\/es\/wp-json\/wp\/v2\/users\/1"}],"replies":[{"embeddable":true,"href":"https:\/\/gwuagency.com\/es\/wp-json\/wp\/v2\/comments?post=1691"}],"version-history":[{"count":0,"href":"https:\/\/gwuagency.com\/es\/wp-json\/wp\/v2\/pages\/1691\/revisions"}],"wp:attachment":[{"href":"https:\/\/gwuagency.com\/es\/wp-json\/wp\/v2\/media?parent=1691"}],"curies":[{"name":"wp","href":"https:\/\/api.w.org\/{rel}","templated":true}]}}