{"id":1004,"date":"2022-11-12T07:24:44","date_gmt":"2022-11-12T07:24:44","guid":{"rendered":"https:\/\/dev.themecafe.net\/gwuagency\/?post_type=product&#038;p=1004"},"modified":"2024-08-20T17:55:24","modified_gmt":"2024-08-20T17:55:24","slug":"pinterest-ads","status":"publish","type":"product","link":"https:\/\/gwuagency.com\/es\/service\/pinterest-ads\/","title":{"rendered":"Anuncios de Pinterest"},"content":{"rendered":"<ul>\n<li>Creaci\u00f3n de campa\u00f1as<\/li>\n<li>Creaci\u00f3n de conjuntos de anuncios (pruebas A\/B)<\/li>\n<li>Creaci\u00f3n de anuncios gr\u00e1ficos<\/li>\n<li>Personalizaci\u00f3n, intereses, audiencias similares, investigaci\u00f3n y configuraci\u00f3n<\/li>\n<li>Configuraci\u00f3n demogr\u00e1fica de la audiencia (edad, sexo, idioma, ingresos, ubicaci\u00f3n, dispositivo y plataforma)<\/li>\n<li>Configuraci\u00f3n t\u00e9cnica (objetivo, presupuesto, puja, programaci\u00f3n de anuncios)<\/li>\n<li>Informe de resumen de cuenta<\/li>\n<li>An\u00e1lisis exhaustivo de la competencia para el posicionamiento publicitario<\/li>\n<li>Integraci\u00f3n de campa\u00f1as multicanal<\/li>\n<li>Seguimiento y ajustes continuos del desempe\u00f1o<\/li>\n<\/ul>","protected":false},"excerpt":{"rendered":"<p>Campaign creation Ad set creation (A\/B testing) Display ads creation Custom, interests, lookalike audiences, research, and setup Demographic audience setup (age, gender, language, income, location, device, and platform) Technical setup (goal, budget, bid, ad scheduling) Account overview report Comprehensive competitor analysis for ad positioning Multi-channel campaign integration Ongoing performance monitoring and adjustments<\/p>","protected":false},"featured_media":0,"comment_status":"open","ping_status":"closed","template":"","meta":{"inline_featured_image":false},"product_cat":[41],"product_tag":[],"class_list":["post-1004","product","type-product","status-publish","hentry","product_cat-advertising-packages"],"jetpack_sharing_enabled":true,"_links":{"self":[{"href":"https:\/\/gwuagency.com\/es\/wp-json\/wp\/v2\/product\/1004","targetHints":{"allow":["GET"]}}],"collection":[{"href":"https:\/\/gwuagency.com\/es\/wp-json\/wp\/v2\/product"}],"about":[{"href":"https:\/\/gwuagency.com\/es\/wp-json\/wp\/v2\/types\/product"}],"replies":[{"embeddable":true,"href":"https:\/\/gwuagency.com\/es\/wp-json\/wp\/v2\/comments?post=1004"}],"wp:attachment":[{"href":"https:\/\/gwuagency.com\/es\/wp-json\/wp\/v2\/media?parent=1004"}],"wp:term":[{"taxonomy":"product_cat","embeddable":true,"href":"https:\/\/gwuagency.com\/es\/wp-json\/wp\/v2\/product_cat?post=1004"},{"taxonomy":"product_tag","embeddable":true,"href":"https:\/\/gwuagency.com\/es\/wp-json\/wp\/v2\/product_tag?post=1004"}],"curies":[{"name":"wp","href":"https:\/\/api.w.org\/{rel}","templated":true}]}}