{"id":10046,"date":"2024-01-22T23:07:02","date_gmt":"2024-01-22T23:07:02","guid":{"rendered":"https:\/\/gwuagency.wpengine.com\/?post_type=product&#038;p=10046"},"modified":"2026-04-23T22:50:04","modified_gmt":"2026-04-23T22:50:04","slug":"celebrity-status-package","status":"publish","type":"product","link":"https:\/\/gwuagency.com\/es\/service\/celebrity-status-package\/","title":{"rendered":"Paquete de estatus de celebridad"},"content":{"rendered":"<ul>\n<li>400 mil seguidores reales (valorado en $15,000)<\/li>\n<li>Publicado en 13 art\u00edculos (Medium, Disrupt, Digital Journal, NY Weekly, LA Wire, US Reporter y Ritz Herald) (valorado en 2.480 d\u00f3lares)<\/li>\n<li>31 d\u00edas de captaci\u00f3n de clientes potenciales (50 mensajes directos altamente segmentados enviados diariamente para generar clientes potenciales) + 2 p\u00e1ginas de respaldo gratuitas (env\u00edo de 50 mensajes directos segmentados adicionales por d\u00eda) (Valor de $1,698)<\/li>\n<li>30 piezas de contenido de dise\u00f1o gr\u00e1fico (valorado en $990)<\/li>\n<li>Monthly engagement (10,000+ likes, 150,000+ views, 85+ comments per post)<\/li>\n<li>M\u00e1s de 140 v\u00eddeos de formaci\u00f3n sobre c\u00f3mo construir y monetizar tu marca personal o empresa en Instagram (valorado en 1.500 d\u00f3lares).<\/li>\n<li>Comunidad privada en Discord con miles de emprendedores afines con ingresos de 6 a 10 cifras.<\/li>\n<li>Google Brand Search Campaign Set Up (rank #1 Google)<\/li>\n<li>Acceso para socios (Gana con nosotros)<\/li>\n<li>Acceso al equipo las 24 horas del d\u00eda, los 7 d\u00edas de la semana (Invaluable)<\/li>\n<li>Se recomienda encarecidamente el pago de una cuota de mantenimiento despu\u00e9s de los primeros 31 d\u00edas para seguir alcanzando los niveles de participaci\u00f3n garantizados incluidos en este paquete, el crecimiento y el acceso a nuestro grupo privado de la comunidad. (1000 $\/mes)<\/li>\n<\/ul>","protected":false},"excerpt":{"rendered":"<p>400k real followers ($15,000 value) Published in 13 Articles (Medium, Disrupt, Digital Journal, NY Weekly, LA Wire, US Reporter, and Ritz Herald) ($2,480 value) 31 Days Targeted Account Outreach (50 Highly Targeted DM&#8217;s Sent Daily To Bring You Leads) + 2 Backup Page Complimentary (Sending an Additional 50 Targeted DM&#8217;s Per Day) ($1,698 Value) 30 [&hellip;]<\/p>","protected":false},"featured_media":0,"comment_status":"open","ping_status":"closed","template":"","meta":{"inline_featured_image":false},"product_cat":[26],"product_tag":[],"class_list":["post-10046","product","type-product","status-publish","hentry","product_cat-popular-packages"],"jetpack_sharing_enabled":true,"_links":{"self":[{"href":"https:\/\/gwuagency.com\/es\/wp-json\/wp\/v2\/product\/10046","targetHints":{"allow":["GET"]}}],"collection":[{"href":"https:\/\/gwuagency.com\/es\/wp-json\/wp\/v2\/product"}],"about":[{"href":"https:\/\/gwuagency.com\/es\/wp-json\/wp\/v2\/types\/product"}],"replies":[{"embeddable":true,"href":"https:\/\/gwuagency.com\/es\/wp-json\/wp\/v2\/comments?post=10046"}],"wp:attachment":[{"href":"https:\/\/gwuagency.com\/es\/wp-json\/wp\/v2\/media?parent=10046"}],"wp:term":[{"taxonomy":"product_cat","embeddable":true,"href":"https:\/\/gwuagency.com\/es\/wp-json\/wp\/v2\/product_cat?post=10046"},{"taxonomy":"product_tag","embeddable":true,"href":"https:\/\/gwuagency.com\/es\/wp-json\/wp\/v2\/product_tag?post=10046"}],"curies":[{"name":"wp","href":"https:\/\/api.w.org\/{rel}","templated":true}]}}