{"id":1007,"date":"2022-11-12T07:26:26","date_gmt":"2022-11-12T07:26:26","guid":{"rendered":"https:\/\/dev.themecafe.net\/gwuagency\/?post_type=product&#038;p=1007"},"modified":"2024-08-20T17:58:28","modified_gmt":"2024-08-20T17:58:28","slug":"quora-ads","status":"publish","type":"product","link":"https:\/\/gwuagency.com\/es\/service\/quora-ads\/","title":{"rendered":"Anuncios de LinkedIn"},"content":{"rendered":"<ul>\n<li>Las estrategias m\u00e1s novedosas y actualizadas<\/li>\n<li>Configura varias campa\u00f1as<\/li>\n<li>Recomendaciones sobre tipos de anuncios<\/li>\n<li>Configurando su copia<\/li>\n<li>Configuraci\u00f3n de la etiqueta Insight<\/li>\n<li>Informes y pruebas A\/B<\/li>\n<li>Optimizaci\u00f3n de CPA y ROAS<\/li>\n<li>7% del gasto en publicidad al gastar m\u00e1s de 10.000 d\u00f3lares al mes<\/li>\n<li>Segmentaci\u00f3n de audiencia en profundidad<\/li>\n<li>Creaci\u00f3n y optimizaci\u00f3n din\u00e1mica de anuncios<\/li>\n<li>Estrategia de retargeting configurada para maximizar las conversiones<\/li>\n<li>Coordinaci\u00f3n publicitaria multiplataforma<\/li>\n<\/ul>","protected":false},"excerpt":{"rendered":"<p>Newest up-to-date strategies Set up multiple campaigns Ad type recommendations Setting up your copy Setting up the Insight-tag Reporting and A\/B testing CPA and ROAS optimization 7% of ad spend when spending over $10k\/mo In-depth audience segmentation Dynamic ad creation and optimization Retargeting strategy setup to maximize conversions Cross-platform ad coordination<\/p>","protected":false},"featured_media":0,"comment_status":"open","ping_status":"closed","template":"","meta":{"inline_featured_image":false},"product_cat":[41],"product_tag":[],"class_list":["post-1007","product","type-product","status-publish","hentry","product_cat-advertising-packages"],"jetpack_sharing_enabled":true,"_links":{"self":[{"href":"https:\/\/gwuagency.com\/es\/wp-json\/wp\/v2\/product\/1007","targetHints":{"allow":["GET"]}}],"collection":[{"href":"https:\/\/gwuagency.com\/es\/wp-json\/wp\/v2\/product"}],"about":[{"href":"https:\/\/gwuagency.com\/es\/wp-json\/wp\/v2\/types\/product"}],"replies":[{"embeddable":true,"href":"https:\/\/gwuagency.com\/es\/wp-json\/wp\/v2\/comments?post=1007"}],"wp:attachment":[{"href":"https:\/\/gwuagency.com\/es\/wp-json\/wp\/v2\/media?parent=1007"}],"wp:term":[{"taxonomy":"product_cat","embeddable":true,"href":"https:\/\/gwuagency.com\/es\/wp-json\/wp\/v2\/product_cat?post=1007"},{"taxonomy":"product_tag","embeddable":true,"href":"https:\/\/gwuagency.com\/es\/wp-json\/wp\/v2\/product_tag?post=1007"}],"curies":[{"name":"wp","href":"https:\/\/api.w.org\/{rel}","templated":true}]}}