{"id":12424,"date":"2024-04-26T13:41:55","date_gmt":"2024-04-26T13:41:55","guid":{"rendered":"https:\/\/gwuagency.wpengine.com\/?post_type=product&#038;p=12424"},"modified":"2024-06-03T13:27:31","modified_gmt":"2024-06-03T13:27:31","slug":"tier2-exclusive","status":"publish","type":"product","link":"https:\/\/gwuagency.com\/es\/service\/tier2-exclusive\/","title":{"rendered":"Nivel 2"},"content":{"rendered":"<ul>\n<li>12.000 seguidores reales al mes garantizados (valor de 1.200 d\u00f3lares)<\/li>\n<li>Mensajer\u00eda Premium de Prospecci\u00f3n a m\u00e1s de 50 clientes potenciales diarios (adem\u00e1s de 50 nuevos mensajes directos de seguimiento \u2013 100 en total) (valor de $1,600)<\/li>\n<li>Interacci\u00f3n mensual (m\u00e1s de 1250 \"me gusta\", m\u00e1s de 25 000 visualizaciones, m\u00e1s de 30 comentarios, 300 compartidos (hasta 30 publicaciones al mes) (valor de 400 d\u00f3lares))<\/li>\n<li>M\u00e1s de 100 v\u00eddeos de formaci\u00f3n sobre c\u00f3mo construir y monetizar tu marca personal o empresa en Instagram (valorado en 500 d\u00f3lares).<\/li>\n<\/ul>\n<p>Puede ser un pago \u00fanico de $2,000 o $250 al mes por:<\/p>\n<ul>\n<li>2000 seguidores reales al mes garantizados + interacci\u00f3n o 2000 $ al mes seg\u00fan lo previsto.<\/li>\n<\/ul>","protected":false},"excerpt":{"rendered":"<p>12k real followers\/month guaranteed ($1,200 value) Premium Outreach Messaging 50+ Potential Clients Daily (as well as 50 New Follow Up DM&#8217;s &#8211; 100 Total) ($1,600 value) Monthly engagement (1,250+ likes, 25,000+ views, 30+ comments, 300 shares (up to 30 post\/mo) ($400 value) 100+ training videos on how to build and monetize your personal brand or [&hellip;]<\/p>","protected":false},"featured_media":0,"comment_status":"open","ping_status":"closed","template":"","meta":{"inline_featured_image":false},"product_cat":[22],"product_tag":[],"class_list":["post-12424","product","type-product","status-publish","hentry","product_cat-uncategorized"],"jetpack_sharing_enabled":true,"_links":{"self":[{"href":"https:\/\/gwuagency.com\/es\/wp-json\/wp\/v2\/product\/12424","targetHints":{"allow":["GET"]}}],"collection":[{"href":"https:\/\/gwuagency.com\/es\/wp-json\/wp\/v2\/product"}],"about":[{"href":"https:\/\/gwuagency.com\/es\/wp-json\/wp\/v2\/types\/product"}],"replies":[{"embeddable":true,"href":"https:\/\/gwuagency.com\/es\/wp-json\/wp\/v2\/comments?post=12424"}],"wp:attachment":[{"href":"https:\/\/gwuagency.com\/es\/wp-json\/wp\/v2\/media?parent=12424"}],"wp:term":[{"taxonomy":"product_cat","embeddable":true,"href":"https:\/\/gwuagency.com\/es\/wp-json\/wp\/v2\/product_cat?post=12424"},{"taxonomy":"product_tag","embeddable":true,"href":"https:\/\/gwuagency.com\/es\/wp-json\/wp\/v2\/product_tag?post=12424"}],"curies":[{"name":"wp","href":"https:\/\/api.w.org\/{rel}","templated":true}]}}