{"id":12427,"date":"2024-04-26T14:26:48","date_gmt":"2024-04-26T14:26:48","guid":{"rendered":"https:\/\/gwuagency.wpengine.com\/?post_type=product&#038;p=12427"},"modified":"2024-04-26T14:28:08","modified_gmt":"2024-04-26T14:28:08","slug":"tier3-exclusive","status":"publish","type":"product","link":"https:\/\/gwuagency.com\/es\/service\/tier3-exclusive\/","title":{"rendered":"Nivel 3"},"content":{"rendered":"<ul>\n<li>20.000 seguidores reales al mes garantizados (valor de 2.000 d\u00f3lares)<\/li>\n<li>Mensajer\u00eda Premium de Prospecci\u00f3n a m\u00e1s de 50 clientes potenciales diarios (adem\u00e1s de 50 nuevos mensajes directos de seguimiento \u2013 100 en total) + 1 cuenta de respaldo \u2013 200 mensajes directos en total (valor de $3,200).<\/li>\n<li>Interacci\u00f3n mensual (m\u00e1s de 2000 me gusta, m\u00e1s de 75 000 visualizaciones, m\u00e1s de 50 comentarios, 500 compartidos (hasta 30 publicaciones al mes) (valor de 750 d\u00f3lares)<\/li>\n<li>M\u00e1s de 100 v\u00eddeos de formaci\u00f3n sobre c\u00f3mo construir y monetizar tu marca personal o empresa en Instagram (valorado en 500 d\u00f3lares).<\/li>\n<\/ul>","protected":false},"excerpt":{"rendered":"<p>20k real followers\/month guaranteed ($2,000 value) Premium Outreach Messaging 50+ Potential Clients Daily (as well as 50 New Follow Up DM&#8217;s &#8211; 100 Total) + 1 Backup Account &#8211; 200 DM&#8217;s Total ($3,200 value) Monthly engagement (2,000+ likes, 75,000+ views, 50+ comments, 500 shares (up to 30 post\/mo) ($750 value) 100+ training videos on how [&hellip;]<\/p>","protected":false},"featured_media":0,"comment_status":"open","ping_status":"closed","template":"","meta":{"inline_featured_image":false},"product_cat":[22],"product_tag":[],"class_list":["post-12427","product","type-product","status-publish","hentry","product_cat-uncategorized"],"jetpack_sharing_enabled":true,"_links":{"self":[{"href":"https:\/\/gwuagency.com\/es\/wp-json\/wp\/v2\/product\/12427","targetHints":{"allow":["GET"]}}],"collection":[{"href":"https:\/\/gwuagency.com\/es\/wp-json\/wp\/v2\/product"}],"about":[{"href":"https:\/\/gwuagency.com\/es\/wp-json\/wp\/v2\/types\/product"}],"replies":[{"embeddable":true,"href":"https:\/\/gwuagency.com\/es\/wp-json\/wp\/v2\/comments?post=12427"}],"wp:attachment":[{"href":"https:\/\/gwuagency.com\/es\/wp-json\/wp\/v2\/media?parent=12427"}],"wp:term":[{"taxonomy":"product_cat","embeddable":true,"href":"https:\/\/gwuagency.com\/es\/wp-json\/wp\/v2\/product_cat?post=12427"},{"taxonomy":"product_tag","embeddable":true,"href":"https:\/\/gwuagency.com\/es\/wp-json\/wp\/v2\/product_tag?post=12427"}],"curies":[{"name":"wp","href":"https:\/\/api.w.org\/{rel}","templated":true}]}}