{"id":13522,"date":"2024-06-27T21:46:56","date_gmt":"2024-06-27T21:46:56","guid":{"rendered":"https:\/\/gwuagency.wpengine.com\/?post_type=product&#038;p=13522"},"modified":"2024-06-28T21:46:33","modified_gmt":"2024-06-28T21:46:33","slug":"social-media-carousels-graphic-design","status":"publish","type":"product","link":"https:\/\/gwuagency.com\/es\/service\/social-media-carousels-graphic-design\/","title":{"rendered":"Carruseles de redes sociales"},"content":{"rendered":"<ul>\n<li><span style=\"font-weight: 400;\">Disponible para Instagram, Facebook, LinkedIn, Twitter y cualquier otra red social solicitada.<\/span><\/li>\n<li><span style=\"font-weight: 400;\">Dise\u00f1os: Im\u00e1genes de marca con texto dise\u00f1ado profesionalmente, publicaciones educativas, infograf\u00edas, memes o publicaciones con llamada a la acci\u00f3n.<\/span><\/li>\n<li><span style=\"font-weight: 400;\">Todo el contenido es 100% personalizable seg\u00fan tus preferencias.<\/span><\/li>\n<\/ul>","protected":false},"excerpt":{"rendered":"<p>Available for Instagram, Facebook, LinkedIn, Twitter, and any other social requested Designs: Branded images with professionally designed text, Educational posts, Infographics, Memes, or Call to action posts All pieces of content are 100% customizable to however you desire<\/p>","protected":false},"featured_media":13532,"comment_status":"open","ping_status":"closed","template":"","meta":{"inline_featured_image":false},"product_cat":[28],"product_tag":[],"class_list":["post-13522","product","type-product","status-publish","has-post-thumbnail","hentry","product_cat-design-packages"],"jetpack_sharing_enabled":true,"_links":{"self":[{"href":"https:\/\/gwuagency.com\/es\/wp-json\/wp\/v2\/product\/13522","targetHints":{"allow":["GET"]}}],"collection":[{"href":"https:\/\/gwuagency.com\/es\/wp-json\/wp\/v2\/product"}],"about":[{"href":"https:\/\/gwuagency.com\/es\/wp-json\/wp\/v2\/types\/product"}],"replies":[{"embeddable":true,"href":"https:\/\/gwuagency.com\/es\/wp-json\/wp\/v2\/comments?post=13522"}],"wp:featuredmedia":[{"embeddable":true,"href":"https:\/\/gwuagency.com\/es\/wp-json\/wp\/v2\/media\/13532"}],"wp:attachment":[{"href":"https:\/\/gwuagency.com\/es\/wp-json\/wp\/v2\/media?parent=13522"}],"wp:term":[{"taxonomy":"product_cat","embeddable":true,"href":"https:\/\/gwuagency.com\/es\/wp-json\/wp\/v2\/product_cat?post=13522"},{"taxonomy":"product_tag","embeddable":true,"href":"https:\/\/gwuagency.com\/es\/wp-json\/wp\/v2\/product_tag?post=13522"}],"curies":[{"name":"wp","href":"https:\/\/api.w.org\/{rel}","templated":true}]}}