{"id":15039,"date":"2024-08-12T19:50:22","date_gmt":"2024-08-12T19:50:22","guid":{"rendered":"https:\/\/gwuagency.wpengine.com\/?post_type=product&#038;p=15039"},"modified":"2024-12-16T14:55:45","modified_gmt":"2024-12-16T14:55:45","slug":"starter-2","status":"publish","type":"product","link":"https:\/\/gwuagency.com\/es\/service\/starter-2\/","title":{"rendered":"Paquete de inicio"},"content":{"rendered":"<ul>\n<li>25k seguidores (con interacci\u00f3n garantizada).<\/li>\n<li>Dise\u00f1o de logotipo (dise\u00f1o profesional de logotipo con m\u00faltiples conceptos y revisiones).<\/li>\n<li>Desarrollo de sitio web (sitio web de alta calidad similar al nuestro, con funciones personalizadas y optimizaci\u00f3n para m\u00f3viles).<\/li>\n<li>Licencia gratuita de estudios de caso de la mayor\u00eda (acceso a estudios de caso con estrategias y perspectivas exitosas)<\/li>\n<li>Formaci\u00f3n en v\u00eddeo exclusiva (formaci\u00f3n en v\u00eddeo en profundidad sobre temas esenciales y avanzados).<\/li>\n<li>Soporte de incorporaci\u00f3n especializado para garantizar una implementaci\u00f3n y configuraci\u00f3n sin problemas.<\/li>\n<li>Informaci\u00f3n valiosa para optimizar la interacci\u00f3n con tu audiencia e impulsar un crecimiento constante.<\/li>\n<\/ul>","protected":false},"excerpt":{"rendered":"<p>25k followers (with guaranteed engagement). Logo Build Out (professional logo design with multiple concepts and revisions). Website Build Out (high-quality website similar to ours, with custom features and mobile optimization). Free License of Partial Case Studies (access to case studies with successful strategies and insights). Exclusive Video Training (in-depth video training on essential and advanced [&hellip;]<\/p>","protected":false},"featured_media":0,"comment_status":"open","ping_status":"closed","template":"","meta":{"inline_featured_image":false},"product_cat":[138],"product_tag":[],"class_list":["post-15039","product","type-product","status-publish","hentry","product_cat-dfy-white-label-agency"],"jetpack_sharing_enabled":true,"_links":{"self":[{"href":"https:\/\/gwuagency.com\/es\/wp-json\/wp\/v2\/product\/15039","targetHints":{"allow":["GET"]}}],"collection":[{"href":"https:\/\/gwuagency.com\/es\/wp-json\/wp\/v2\/product"}],"about":[{"href":"https:\/\/gwuagency.com\/es\/wp-json\/wp\/v2\/types\/product"}],"replies":[{"embeddable":true,"href":"https:\/\/gwuagency.com\/es\/wp-json\/wp\/v2\/comments?post=15039"}],"wp:attachment":[{"href":"https:\/\/gwuagency.com\/es\/wp-json\/wp\/v2\/media?parent=15039"}],"wp:term":[{"taxonomy":"product_cat","embeddable":true,"href":"https:\/\/gwuagency.com\/es\/wp-json\/wp\/v2\/product_cat?post=15039"},{"taxonomy":"product_tag","embeddable":true,"href":"https:\/\/gwuagency.com\/es\/wp-json\/wp\/v2\/product_tag?post=15039"}],"curies":[{"name":"wp","href":"https:\/\/api.w.org\/{rel}","templated":true}]}}