{"id":15046,"date":"2024-08-12T19:51:43","date_gmt":"2024-08-12T19:51:43","guid":{"rendered":"https:\/\/gwuagency.wpengine.com\/?post_type=product&#038;p=15046"},"modified":"2024-12-16T14:55:52","modified_gmt":"2024-12-16T14:55:52","slug":"advanced-3","status":"publish","type":"product","link":"https:\/\/gwuagency.com\/es\/service\/advanced-3\/","title":{"rendered":"Paquete avanzado"},"content":{"rendered":"<ul>\n<li>65 mil seguidores (con interacci\u00f3n garantizada).<\/li>\n<li>Dise\u00f1o de logotipo (dise\u00f1o profesional de logotipo con m\u00faltiples conceptos y revisiones).<\/li>\n<li>Desarrollo de sitio web (sitio web de alta calidad similar al nuestro, con funciones personalizadas y optimizaci\u00f3n para m\u00f3viles).<\/li>\n<li>Licencia gratuita de estudios de caso de la mayor\u00eda (acceso a estudios de caso con estrategias y perspectivas exitosas)<\/li>\n<li>6 piezas de contenido (seis piezas de marketing personalizadas adaptadas a su marca).<\/li>\n<li>Llamada individual con el CSO Mike Hernandez (sesi\u00f3n personalizada de estrategia de ventas, llamada de Zoom de 1 hora).<\/li>\n<li>Formaci\u00f3n en v\u00eddeo exclusiva (formaci\u00f3n en v\u00eddeo en profundidad sobre temas esenciales y avanzados).<\/li>\n<\/ul>","protected":false},"excerpt":{"rendered":"<p>65k followers (with guaranteed engagement). Logo Build Out (professional logo design with multiple concepts and revisions). Website Build Out (high-quality website similar to ours, with custom features and mobile optimization). Free License of Partial Case Studies (access to case studies with successful strategies and insights). 6 Pieces of Content (six custom marketing pieces tailored to [&hellip;]<\/p>","protected":false},"featured_media":0,"comment_status":"open","ping_status":"closed","template":"","meta":{"inline_featured_image":false},"product_cat":[138],"product_tag":[],"class_list":["post-15046","product","type-product","status-publish","hentry","product_cat-dfy-white-label-agency"],"jetpack_sharing_enabled":true,"_links":{"self":[{"href":"https:\/\/gwuagency.com\/es\/wp-json\/wp\/v2\/product\/15046","targetHints":{"allow":["GET"]}}],"collection":[{"href":"https:\/\/gwuagency.com\/es\/wp-json\/wp\/v2\/product"}],"about":[{"href":"https:\/\/gwuagency.com\/es\/wp-json\/wp\/v2\/types\/product"}],"replies":[{"embeddable":true,"href":"https:\/\/gwuagency.com\/es\/wp-json\/wp\/v2\/comments?post=15046"}],"wp:attachment":[{"href":"https:\/\/gwuagency.com\/es\/wp-json\/wp\/v2\/media?parent=15046"}],"wp:term":[{"taxonomy":"product_cat","embeddable":true,"href":"https:\/\/gwuagency.com\/es\/wp-json\/wp\/v2\/product_cat?post=15046"},{"taxonomy":"product_tag","embeddable":true,"href":"https:\/\/gwuagency.com\/es\/wp-json\/wp\/v2\/product_tag?post=15046"}],"curies":[{"name":"wp","href":"https:\/\/api.w.org\/{rel}","templated":true}]}}