{"id":15048,"date":"2024-08-12T19:55:44","date_gmt":"2024-08-12T19:55:44","guid":{"rendered":"https:\/\/gwuagency.wpengine.com\/?post_type=product&#038;p=15048"},"modified":"2024-08-22T18:33:57","modified_gmt":"2024-08-22T18:33:57","slug":"professional-2","status":"publish","type":"product","link":"https:\/\/gwuagency.com\/es\/service\/professional-2\/","title":{"rendered":"Paquete profesional"},"content":{"rendered":"<ul>\n<li>175 mil seguidores (con interacci\u00f3n garantizada)<\/li>\n<li>Dise\u00f1o de logotipo (dise\u00f1o profesional de logotipo con m\u00faltiples conceptos y revisiones)<\/li>\n<li>Dise\u00f1o y desarrollo de sitio web (sitio web de alta calidad similar al nuestro, con funciones personalizadas y optimizaci\u00f3n para m\u00f3viles)<\/li>\n<li>Licencia gratuita de estudios de caso de la mayor\u00eda (acceso a estudios de caso con estrategias y perspectivas exitosas)<\/li>\n<li>20 piezas de contenido (15 piezas de dise\u00f1o gr\u00e1fico + 5 reels)<\/li>\n<li>Captaci\u00f3n de clientes potenciales pr\u00e9mium (le ofrecemos nuestra metodolog\u00eda exacta de generaci\u00f3n de clientes potenciales + 1 mes de servicio)<\/li>\n<li>Llamada individual con nuestro CEO Dre Medici y nuestro CSO Mike Hernandez sobre estrategia de ventas para escalar (llamada por Zoom de 1 hora).<\/li>\n<li>Libro electr\u00f3nico de mentor\u00eda para afiliados (acceso a un libro electr\u00f3nico que explica en detalle c\u00f3mo escalar un equipo de afiliados)<\/li>\n<li>Curso de Afiliaci\u00f3n (acceso a un curso que desglosa los sistemas para crear un equipo de afiliados)<\/li>\n<li>Formaci\u00f3n en v\u00eddeo exclusiva (formaci\u00f3n en v\u00eddeo en profundidad sobre temas esenciales y avanzados)\n<div class=\"tc_pord_cntent\"><\/div>\n<\/li>\n<\/ul>","protected":false},"excerpt":{"rendered":"<p>175k followers (with guaranteed engagement) Logo Build Out (professional logo design with multiple concepts and revisions) Website Build Out (high-quality website similar to ours, with custom features and mobile optimization) Free License of Majority Case Studies (access to case studies with successful strategies and insights) 20 Pieces of Content (15 graphic design content pieces + [&hellip;]<\/p>","protected":false},"featured_media":0,"comment_status":"open","ping_status":"closed","template":"","meta":{"inline_featured_image":false},"product_cat":[138],"product_tag":[],"class_list":["post-15048","product","type-product","status-publish","hentry","product_cat-dfy-white-label-agency"],"jetpack_sharing_enabled":true,"_links":{"self":[{"href":"https:\/\/gwuagency.com\/es\/wp-json\/wp\/v2\/product\/15048","targetHints":{"allow":["GET"]}}],"collection":[{"href":"https:\/\/gwuagency.com\/es\/wp-json\/wp\/v2\/product"}],"about":[{"href":"https:\/\/gwuagency.com\/es\/wp-json\/wp\/v2\/types\/product"}],"replies":[{"embeddable":true,"href":"https:\/\/gwuagency.com\/es\/wp-json\/wp\/v2\/comments?post=15048"}],"wp:attachment":[{"href":"https:\/\/gwuagency.com\/es\/wp-json\/wp\/v2\/media?parent=15048"}],"wp:term":[{"taxonomy":"product_cat","embeddable":true,"href":"https:\/\/gwuagency.com\/es\/wp-json\/wp\/v2\/product_cat?post=15048"},{"taxonomy":"product_tag","embeddable":true,"href":"https:\/\/gwuagency.com\/es\/wp-json\/wp\/v2\/product_tag?post=15048"}],"curies":[{"name":"wp","href":"https:\/\/api.w.org\/{rel}","templated":true}]}}