{"id":15069,"date":"2024-08-12T20:24:05","date_gmt":"2024-08-12T20:24:05","guid":{"rendered":"https:\/\/gwuagency.wpengine.com\/?post_type=product&#038;p=15069"},"modified":"2024-08-20T18:49:49","modified_gmt":"2024-08-20T18:49:49","slug":"menu-design","status":"publish","type":"product","link":"https:\/\/gwuagency.com\/es\/service\/menu-design\/","title":{"rendered":"Dise\u00f1o de men\u00fa"},"content":{"rendered":"<ul>\n<li>Dise\u00f1o de men\u00fa moderno y \u00fanico en cualquier tama\u00f1o<\/li>\n<li>Dise\u00f1o de la m\u00e1s alta calidad<\/li>\n<li>Listo para imprimir<\/li>\n<li>Personalizable para adaptarse a tu marca<\/li>\n<\/ul>","protected":false},"excerpt":{"rendered":"<p>Modern &amp; unique menu design in any size Highest quality design Ready to print Customizable to fit your brand<\/p>","protected":false},"featured_media":15370,"comment_status":"open","ping_status":"closed","template":"","meta":{"inline_featured_image":false},"product_cat":[28],"product_tag":[],"class_list":["post-15069","product","type-product","status-publish","has-post-thumbnail","hentry","product_cat-design-packages"],"jetpack_sharing_enabled":true,"_links":{"self":[{"href":"https:\/\/gwuagency.com\/es\/wp-json\/wp\/v2\/product\/15069","targetHints":{"allow":["GET"]}}],"collection":[{"href":"https:\/\/gwuagency.com\/es\/wp-json\/wp\/v2\/product"}],"about":[{"href":"https:\/\/gwuagency.com\/es\/wp-json\/wp\/v2\/types\/product"}],"replies":[{"embeddable":true,"href":"https:\/\/gwuagency.com\/es\/wp-json\/wp\/v2\/comments?post=15069"}],"wp:featuredmedia":[{"embeddable":true,"href":"https:\/\/gwuagency.com\/es\/wp-json\/wp\/v2\/media\/15370"}],"wp:attachment":[{"href":"https:\/\/gwuagency.com\/es\/wp-json\/wp\/v2\/media?parent=15069"}],"wp:term":[{"taxonomy":"product_cat","embeddable":true,"href":"https:\/\/gwuagency.com\/es\/wp-json\/wp\/v2\/product_cat?post=15069"},{"taxonomy":"product_tag","embeddable":true,"href":"https:\/\/gwuagency.com\/es\/wp-json\/wp\/v2\/product_tag?post=15069"}],"curies":[{"name":"wp","href":"https:\/\/api.w.org\/{rel}","templated":true}]}}