{"id":15385,"date":"2024-08-15T03:43:03","date_gmt":"2024-08-15T03:43:03","guid":{"rendered":"https:\/\/gwuagency.wpengine.com\/?post_type=product&#038;p=15385"},"modified":"2024-08-21T04:09:50","modified_gmt":"2024-08-21T04:09:50","slug":"full-scope-seo-service","status":"publish","type":"product","link":"https:\/\/gwuagency.com\/es\/service\/full-scope-seo-service\/","title":{"rendered":"Est\u00e1ndar"},"content":{"rendered":"<ul>\n<li>Informe de auditor\u00eda integral<\/li>\n<li>Investigaci\u00f3n exhaustiva sobre 5 palabras clave espec\u00edficas<\/li>\n<li>Optimizaci\u00f3n SEO en la p\u00e1gina y mejoras t\u00e9cnicas SEO<\/li>\n<li>Estrategia SEO fuera de la p\u00e1gina (Creaci\u00f3n de 100 backlinks de alta calidad)<\/li>\n<li>An\u00e1lisis de la competencia y evaluaci\u00f3n comparativa del rendimiento<\/li>\n<\/ul>","protected":false},"excerpt":{"rendered":"<p>Comprehensive Audit Report In-depth Research on 5 Targeted Keywords On-Page SEO Optimization &amp; Technical SEO Improvements Off-Page SEO Strategy (Creation of 100 High-Quality Backlinks) Competitor Analysis and Performance Benchmarking<\/p>","protected":false},"featured_media":0,"comment_status":"open","ping_status":"closed","template":"","meta":{"inline_featured_image":false},"product_cat":[141],"product_tag":[],"class_list":["post-15385","product","type-product","status-publish","hentry","product_cat-seo-services"],"jetpack_sharing_enabled":true,"_links":{"self":[{"href":"https:\/\/gwuagency.com\/es\/wp-json\/wp\/v2\/product\/15385","targetHints":{"allow":["GET"]}}],"collection":[{"href":"https:\/\/gwuagency.com\/es\/wp-json\/wp\/v2\/product"}],"about":[{"href":"https:\/\/gwuagency.com\/es\/wp-json\/wp\/v2\/types\/product"}],"replies":[{"embeddable":true,"href":"https:\/\/gwuagency.com\/es\/wp-json\/wp\/v2\/comments?post=15385"}],"wp:attachment":[{"href":"https:\/\/gwuagency.com\/es\/wp-json\/wp\/v2\/media?parent=15385"}],"wp:term":[{"taxonomy":"product_cat","embeddable":true,"href":"https:\/\/gwuagency.com\/es\/wp-json\/wp\/v2\/product_cat?post=15385"},{"taxonomy":"product_tag","embeddable":true,"href":"https:\/\/gwuagency.com\/es\/wp-json\/wp\/v2\/product_tag?post=15385"}],"curies":[{"name":"wp","href":"https:\/\/api.w.org\/{rel}","templated":true}]}}