{"id":15389,"date":"2024-08-15T03:45:38","date_gmt":"2024-08-15T03:45:38","guid":{"rendered":"https:\/\/gwuagency.wpengine.com\/?post_type=product&#038;p=15389"},"modified":"2024-11-10T02:36:08","modified_gmt":"2024-11-10T02:36:08","slug":"signage-any-type","status":"publish","type":"product","link":"https:\/\/gwuagency.com\/es\/service\/signage-any-type\/","title":{"rendered":"Se\u00f1alizaci\u00f3n (de cualquier tipo)"},"content":{"rendered":"<ul>\n<li>Dise\u00f1a tu valla publicitaria, banner enrollable, letrero de jard\u00edn y mucho m\u00e1s.<\/li>\n<li>Haz realidad el letrero de tus sue\u00f1os con dise\u00f1os personalizados.<\/li>\n<li>Dise\u00f1os de primera calidad para lograr un gran impacto<\/li>\n<li>Archivos listos para imprimir para una producci\u00f3n de alta calidad<\/li>\n<li>Archivo fuente incluido para futuras ediciones.<\/li>\n<li>Revisiones ilimitadas para garantizar su completa satisfacci\u00f3n.<\/li>\n<li>Dise\u00f1os personalizados que se adaptan perfectamente a tus necesidades y visi\u00f3n.<\/li>\n<\/ul>","protected":false},"excerpt":{"rendered":"<p>Design your billboard, roll-up banner, yard sign, and more Bring your dream sign to life with custom designs Premium quality designs to make a strong impact Print-ready files for high-quality production Source file included for future edits Unlimited revisions to ensure your complete satisfaction Tailored designs to perfectly fit your needs and vision<\/p>","protected":false},"featured_media":17089,"comment_status":"open","ping_status":"closed","template":"","meta":{"inline_featured_image":false},"product_cat":[28],"product_tag":[],"class_list":["post-15389","product","type-product","status-publish","has-post-thumbnail","hentry","product_cat-design-packages"],"jetpack_sharing_enabled":true,"_links":{"self":[{"href":"https:\/\/gwuagency.com\/es\/wp-json\/wp\/v2\/product\/15389","targetHints":{"allow":["GET"]}}],"collection":[{"href":"https:\/\/gwuagency.com\/es\/wp-json\/wp\/v2\/product"}],"about":[{"href":"https:\/\/gwuagency.com\/es\/wp-json\/wp\/v2\/types\/product"}],"replies":[{"embeddable":true,"href":"https:\/\/gwuagency.com\/es\/wp-json\/wp\/v2\/comments?post=15389"}],"wp:featuredmedia":[{"embeddable":true,"href":"https:\/\/gwuagency.com\/es\/wp-json\/wp\/v2\/media\/17089"}],"wp:attachment":[{"href":"https:\/\/gwuagency.com\/es\/wp-json\/wp\/v2\/media?parent=15389"}],"wp:term":[{"taxonomy":"product_cat","embeddable":true,"href":"https:\/\/gwuagency.com\/es\/wp-json\/wp\/v2\/product_cat?post=15389"},{"taxonomy":"product_tag","embeddable":true,"href":"https:\/\/gwuagency.com\/es\/wp-json\/wp\/v2\/product_tag?post=15389"}],"curies":[{"name":"wp","href":"https:\/\/api.w.org\/{rel}","templated":true}]}}