{"id":15390,"date":"2024-08-15T03:48:36","date_gmt":"2024-08-15T03:48:36","guid":{"rendered":"https:\/\/gwuagency.wpengine.com\/?post_type=product&#038;p=15390"},"modified":"2024-11-10T02:36:20","modified_gmt":"2024-11-10T02:36:20","slug":"twitch-kick-yt-stream-overlay","status":"publish","type":"product","link":"https:\/\/gwuagency.com\/es\/service\/twitch-kick-yt-stream-overlay\/","title":{"rendered":"Twitch, expulsi\u00f3n, superposici\u00f3n de transmisi\u00f3n de YouTube"},"content":{"rendered":"<ul>\n<li>Kit de herramientas de dise\u00f1o gr\u00e1fico todo en uno para Twitch, Kick y YouTube<\/li>\n<li>Superposiciones elegantes y personalizables<\/li>\n<li>Dise\u00f1os cautivadores para conectar con tu p\u00fablico<\/li>\n<li>Plantillas intuitivas para una f\u00e1cil configuraci\u00f3n<\/li>\n<li>Un aspecto profesional para que tu transmisi\u00f3n destaque.<\/li>\n<li>Mejora tu marca y haz crecer tu canal.<\/li>\n<\/ul>","protected":false},"excerpt":{"rendered":"<p>All-in-one graphic design toolkit for Twitch, Kick, and YouTube Sleek, customizable overlays Captivating designs to engage your audience Intuitive templates for easy setup Professional look to set your stream apart Enhance your brand and grow your channel<\/p>","protected":false},"featured_media":17090,"comment_status":"open","ping_status":"closed","template":"","meta":{"inline_featured_image":false},"product_cat":[28],"product_tag":[],"class_list":["post-15390","product","type-product","status-publish","has-post-thumbnail","hentry","product_cat-design-packages"],"jetpack_sharing_enabled":true,"_links":{"self":[{"href":"https:\/\/gwuagency.com\/es\/wp-json\/wp\/v2\/product\/15390","targetHints":{"allow":["GET"]}}],"collection":[{"href":"https:\/\/gwuagency.com\/es\/wp-json\/wp\/v2\/product"}],"about":[{"href":"https:\/\/gwuagency.com\/es\/wp-json\/wp\/v2\/types\/product"}],"replies":[{"embeddable":true,"href":"https:\/\/gwuagency.com\/es\/wp-json\/wp\/v2\/comments?post=15390"}],"wp:featuredmedia":[{"embeddable":true,"href":"https:\/\/gwuagency.com\/es\/wp-json\/wp\/v2\/media\/17090"}],"wp:attachment":[{"href":"https:\/\/gwuagency.com\/es\/wp-json\/wp\/v2\/media?parent=15390"}],"wp:term":[{"taxonomy":"product_cat","embeddable":true,"href":"https:\/\/gwuagency.com\/es\/wp-json\/wp\/v2\/product_cat?post=15390"},{"taxonomy":"product_tag","embeddable":true,"href":"https:\/\/gwuagency.com\/es\/wp-json\/wp\/v2\/product_tag?post=15390"}],"curies":[{"name":"wp","href":"https:\/\/api.w.org\/{rel}","templated":true}]}}