{"id":1552,"date":"2022-12-28T05:39:43","date_gmt":"2022-12-28T05:39:43","guid":{"rendered":"https:\/\/gwuagency.wpengine.com\/?post_type=product&#038;p=1552"},"modified":"2024-08-21T15:49:56","modified_gmt":"2024-08-21T15:49:56","slug":"story-highlight-icons","status":"publish","type":"product","link":"https:\/\/gwuagency.com\/es\/service\/story-highlight-icons\/","title":{"rendered":"icono de resaltado de historia"},"content":{"rendered":"<ul>\n<li>Construido desde cero\/hecho a medida<\/li>\n<li>Se entregaron archivos PNG y JPEG transparentes.<\/li>\n<li>Dise\u00f1o \u00fanico que combinar\u00e1 con tu marca de Instagram.<\/li>\n<li style=\"font-weight: 400;\" aria-level=\"1\">Alta resoluci\u00f3n\/M\u00e1xima calidad<\/li>\n<li style=\"font-weight: 400;\" aria-level=\"1\">Incluye archivo fuente<\/li>\n<li style=\"font-weight: 400;\" aria-level=\"1\">Todos los estilos solicitados est\u00e1n disponibles.<\/li>\n<\/ul>","protected":false},"excerpt":{"rendered":"<p>Built from scratch\/custom made Transparent PNG + Jpeg delivered Unique Design which will match your Instagram branding High Resolution\/Best Quality Includes Source File All requested styles are available.<\/p>","protected":false},"featured_media":15579,"comment_status":"open","ping_status":"closed","template":"","meta":{"inline_featured_image":false},"product_cat":[28],"product_tag":[],"class_list":["post-1552","product","type-product","status-publish","has-post-thumbnail","hentry","product_cat-design-packages"],"jetpack_sharing_enabled":true,"_links":{"self":[{"href":"https:\/\/gwuagency.com\/es\/wp-json\/wp\/v2\/product\/1552","targetHints":{"allow":["GET"]}}],"collection":[{"href":"https:\/\/gwuagency.com\/es\/wp-json\/wp\/v2\/product"}],"about":[{"href":"https:\/\/gwuagency.com\/es\/wp-json\/wp\/v2\/types\/product"}],"replies":[{"embeddable":true,"href":"https:\/\/gwuagency.com\/es\/wp-json\/wp\/v2\/comments?post=1552"}],"wp:featuredmedia":[{"embeddable":true,"href":"https:\/\/gwuagency.com\/es\/wp-json\/wp\/v2\/media\/15579"}],"wp:attachment":[{"href":"https:\/\/gwuagency.com\/es\/wp-json\/wp\/v2\/media?parent=1552"}],"wp:term":[{"taxonomy":"product_cat","embeddable":true,"href":"https:\/\/gwuagency.com\/es\/wp-json\/wp\/v2\/product_cat?post=1552"},{"taxonomy":"product_tag","embeddable":true,"href":"https:\/\/gwuagency.com\/es\/wp-json\/wp\/v2\/product_tag?post=1552"}],"curies":[{"name":"wp","href":"https:\/\/api.w.org\/{rel}","templated":true}]}}