{"id":15565,"date":"2024-08-21T04:10:47","date_gmt":"2024-08-21T04:10:47","guid":{"rendered":"https:\/\/gwuagency.wpengine.com\/?post_type=product&#038;p=15565"},"modified":"2024-08-21T04:10:47","modified_gmt":"2024-08-21T04:10:47","slug":"advanced-4","status":"publish","type":"product","link":"https:\/\/gwuagency.com\/es\/service\/advanced-4\/","title":{"rendered":"Avanzado"},"content":{"rendered":"<ul>\n<li>Informe de auditor\u00eda detallado<\/li>\n<li>Investigaci\u00f3n exhaustiva sobre 10 palabras clave espec\u00edficas<\/li>\n<li>Optimizaci\u00f3n SEO On-Page y mejoras SEO t\u00e9cnicas<\/li>\n<li>Estrategia SEO fuera de la p\u00e1gina (Creaci\u00f3n de 250 backlinks de alta calidad)<\/li>\n<li>An\u00e1lisis de la competencia con informaci\u00f3n sobre el rendimiento y evaluaci\u00f3n comparativa<\/li>\n<\/ul>","protected":false},"excerpt":{"rendered":"<p>Detailed Audit Report Extensive Research on 10 Targeted Keywords On-Page SEO Optimization &amp; Technical SEO Enhancements Off-Page SEO Strategy (Creation of 250 High-Quality Backlinks) Competitor Analysis with Performance Insights and Benchmarking<\/p>","protected":false},"featured_media":0,"comment_status":"open","ping_status":"closed","template":"","meta":{"inline_featured_image":false},"product_cat":[141],"product_tag":[],"class_list":["post-15565","product","type-product","status-publish","hentry","product_cat-seo-services"],"jetpack_sharing_enabled":true,"_links":{"self":[{"href":"https:\/\/gwuagency.com\/es\/wp-json\/wp\/v2\/product\/15565","targetHints":{"allow":["GET"]}}],"collection":[{"href":"https:\/\/gwuagency.com\/es\/wp-json\/wp\/v2\/product"}],"about":[{"href":"https:\/\/gwuagency.com\/es\/wp-json\/wp\/v2\/types\/product"}],"replies":[{"embeddable":true,"href":"https:\/\/gwuagency.com\/es\/wp-json\/wp\/v2\/comments?post=15565"}],"wp:attachment":[{"href":"https:\/\/gwuagency.com\/es\/wp-json\/wp\/v2\/media?parent=15565"}],"wp:term":[{"taxonomy":"product_cat","embeddable":true,"href":"https:\/\/gwuagency.com\/es\/wp-json\/wp\/v2\/product_cat?post=15565"},{"taxonomy":"product_tag","embeddable":true,"href":"https:\/\/gwuagency.com\/es\/wp-json\/wp\/v2\/product_tag?post=15565"}],"curies":[{"name":"wp","href":"https:\/\/api.w.org\/{rel}","templated":true}]}}