{"id":15585,"date":"2024-08-21T16:48:26","date_gmt":"2024-08-21T16:48:26","guid":{"rendered":"https:\/\/gwuagency.wpengine.com\/?post_type=product&#038;p=15585"},"modified":"2024-08-25T01:31:56","modified_gmt":"2024-08-25T01:31:56","slug":"targeted-data-scraping","status":"publish","type":"product","link":"https:\/\/gwuagency.com\/es\/service\/targeted-data-scraping\/","title":{"rendered":"Extracci\u00f3n de datos dirigida"},"content":{"rendered":"<p>$500\/1000 clientes potenciales<\/p>\n<p>Los leads incluyen:<\/p>\n<ul>\n<li>Nombre de empresa<\/li>\n<li>Contacto<\/li>\n<li>Designaci\u00f3n<\/li>\n<li>Nombre de pila<\/li>\n<li>Apellido<\/li>\n<li>N\u00fameros de contacto<\/li>\n<li>Direcci\u00f3n de correo electr\u00f3nico (Correos electr\u00f3nicos v\u00e1lidos y verificados)<\/li>\n<li>URL del perfil de LinkedIn<\/li>\n<li>Direcci\u00f3n (Calle, Ciudad, Estado).<\/li>\n<\/ul>","protected":false},"excerpt":{"rendered":"<p>$500\/1000 leads Leads Include: Company name Contact Designation First Name Last Name Contact Numbers Email address (Valid and verified emails) LinkedIn Profile Url Address (Street, City, State.)<\/p>","protected":false},"featured_media":0,"comment_status":"open","ping_status":"closed","template":"","meta":{"inline_featured_image":false},"product_cat":[143],"product_tag":[],"class_list":["post-15585","product","type-product","status-publish","hentry","product_cat-targeted-data-scraping"],"jetpack_sharing_enabled":true,"_links":{"self":[{"href":"https:\/\/gwuagency.com\/es\/wp-json\/wp\/v2\/product\/15585","targetHints":{"allow":["GET"]}}],"collection":[{"href":"https:\/\/gwuagency.com\/es\/wp-json\/wp\/v2\/product"}],"about":[{"href":"https:\/\/gwuagency.com\/es\/wp-json\/wp\/v2\/types\/product"}],"replies":[{"embeddable":true,"href":"https:\/\/gwuagency.com\/es\/wp-json\/wp\/v2\/comments?post=15585"}],"wp:attachment":[{"href":"https:\/\/gwuagency.com\/es\/wp-json\/wp\/v2\/media?parent=15585"}],"wp:term":[{"taxonomy":"product_cat","embeddable":true,"href":"https:\/\/gwuagency.com\/es\/wp-json\/wp\/v2\/product_cat?post=15585"},{"taxonomy":"product_tag","embeddable":true,"href":"https:\/\/gwuagency.com\/es\/wp-json\/wp\/v2\/product_tag?post=15585"}],"curies":[{"name":"wp","href":"https:\/\/api.w.org\/{rel}","templated":true}]}}