{"id":16262,"date":"2024-09-26T02:08:46","date_gmt":"2024-09-26T02:08:46","guid":{"rendered":"https:\/\/gwuagency.wpengine.com\/?post_type=product&#038;p=16262"},"modified":"2024-11-19T10:56:05","modified_gmt":"2024-11-19T10:56:05","slug":"starter-package","status":"publish","type":"product","link":"https:\/\/gwuagency.com\/es\/service\/starter-package\/","title":{"rendered":"Arrancador"},"content":{"rendered":"<ul>\n<li>Difusi\u00f3n de cuentas segmentadas en Instagram: (enlace al paquete) con interacci\u00f3n diaria continua para aumentar tu alcance.<\/li>\n<li>Marketing por correo electr\u00f3nico y SMS (4 campa\u00f1as al mes) para una interacci\u00f3n constante con la audiencia y actualizaciones.<\/li>\n<li>SEO b\u00e1sico o gesti\u00f3n b\u00e1sica de anuncios (\u00a1t\u00fa eliges!) para mejorar tu visibilidad y llegar a nuevas audiencias.<\/li>\n<li>15 ediciones de v\u00eddeo personalizadas + 5 dise\u00f1os gr\u00e1ficos (miniaturas o publicaciones para redes sociales) creados para lograr el m\u00e1ximo impacto.<\/li>\n<li>Formaci\u00f3n completa en v\u00eddeo (m\u00e1s de 120 v\u00eddeos) que abarca estrategias y t\u00e9cnicas fundamentales de crecimiento.<\/li>\n<li>Grupo comunitario privado con acceso a apoyo, recursos y debates exclusivos.<\/li>\n<\/ul>\n<p style=\"text-align: center;\"><strong>Continuaci\u00f3n quincenal o mensual o plan personalizado generado (llamada de seguimiento en 3 semanas).<\/strong><\/p>","protected":false},"excerpt":{"rendered":"<p>Instagram Targeted Account Outreach \u2013 (hyperlink to package) with ongoing daily engagement to grow your reach Email &amp; SMS Marketing (4 campaigns per month) for consistent audience engagement and updates Basic SEO or Basic Ad Management (You Choose!) to improve your visibility and reach new audiences 15 Customized Video Edits + 5 Graphic Designs (thumbnails [&hellip;]<\/p>","protected":false},"featured_media":0,"comment_status":"open","ping_status":"closed","template":"","meta":{"inline_featured_image":false},"product_cat":[144],"product_tag":[],"class_list":["post-16262","product","type-product","status-publish","hentry","product_cat-bundle-packages"],"jetpack_sharing_enabled":true,"_links":{"self":[{"href":"https:\/\/gwuagency.com\/es\/wp-json\/wp\/v2\/product\/16262","targetHints":{"allow":["GET"]}}],"collection":[{"href":"https:\/\/gwuagency.com\/es\/wp-json\/wp\/v2\/product"}],"about":[{"href":"https:\/\/gwuagency.com\/es\/wp-json\/wp\/v2\/types\/product"}],"replies":[{"embeddable":true,"href":"https:\/\/gwuagency.com\/es\/wp-json\/wp\/v2\/comments?post=16262"}],"wp:attachment":[{"href":"https:\/\/gwuagency.com\/es\/wp-json\/wp\/v2\/media?parent=16262"}],"wp:term":[{"taxonomy":"product_cat","embeddable":true,"href":"https:\/\/gwuagency.com\/es\/wp-json\/wp\/v2\/product_cat?post=16262"},{"taxonomy":"product_tag","embeddable":true,"href":"https:\/\/gwuagency.com\/es\/wp-json\/wp\/v2\/product_tag?post=16262"}],"curies":[{"name":"wp","href":"https:\/\/api.w.org\/{rel}","templated":true}]}}