{"id":16264,"date":"2024-09-26T02:12:13","date_gmt":"2024-09-26T02:12:13","guid":{"rendered":"https:\/\/gwuagency.wpengine.com\/?post_type=product&#038;p=16264"},"modified":"2024-11-19T10:56:09","modified_gmt":"2024-11-19T10:56:09","slug":"superior-package","status":"publish","type":"product","link":"https:\/\/gwuagency.com\/es\/service\/superior-package\/","title":{"rendered":"Superior"},"content":{"rendered":"<ul>\n<li>Difusi\u00f3n en la cuenta de IG:  500+ seguimientos<\/li>\n<li>Difusi\u00f3n por LinkedIn\/correo electr\u00f3nico: mensajes\/conexiones diarias<\/li>\n<li>Marketing por correo electr\u00f3nico y SMS<\/li>\n<li>SEO de alto nivel o gesti\u00f3n de anuncios de alto nivel<\/li>\n<li>Creaci\u00f3n de sitio web o comunidad DFY<\/li>\n<li>Comunicado de prensa (Art\u00edculo, Televisi\u00f3n, Publicaci\u00f3n en podcast)<\/li>\n<li>Auditor\u00eda empresarial: Escalado de ingresos, CRO, Viralizaci\u00f3n, Formaci\u00f3n de equipos y Consultor\u00eda de gesti\u00f3n (2 (1 HORA 15 MIN LLAMADA)<\/li>\n<li>45 ediciones de v\u00eddeo + 20 dise\u00f1os gr\u00e1ficos (gr\u00e1ficos individuales o carruseles)<\/li>\n<li class=\"translation-block\"><strong>Formaci\u00f3n completa en v\u00eddeo<\/strong> (M\u00e1s de 200 v\u00eddeos)<\/li>\n<li>Grupo comunitario privado<\/li>\n<\/ul>\n<p style=\"text-align: center;\"><strong>Continuaci\u00f3n mensual o plan personalizado (llamada de seguimiento en 1,5 meses).<\/strong><\/p>","protected":false},"excerpt":{"rendered":"<p>IG Account Outreach \u2013 500+ Follow-ups LinkedIn\/Email Outreach &#8211; Daily outbound messages\/connections Email &amp; SMS Marketing Highest Level SEO or Highest Level Ad Management Website or DFY Community Build out Press Release (Article, TV, Podcast Placement) Business Audit: Rev Scaling, CRO, Going Viral, Team Building, and Management Consulting (2 (1 HOUR 15 MIN CALL) 45 [&hellip;]<\/p>","protected":false},"featured_media":0,"comment_status":"open","ping_status":"closed","template":"","meta":{"inline_featured_image":false},"product_cat":[144],"product_tag":[],"class_list":["post-16264","product","type-product","status-publish","hentry","product_cat-bundle-packages"],"jetpack_sharing_enabled":true,"_links":{"self":[{"href":"https:\/\/gwuagency.com\/es\/wp-json\/wp\/v2\/product\/16264","targetHints":{"allow":["GET"]}}],"collection":[{"href":"https:\/\/gwuagency.com\/es\/wp-json\/wp\/v2\/product"}],"about":[{"href":"https:\/\/gwuagency.com\/es\/wp-json\/wp\/v2\/types\/product"}],"replies":[{"embeddable":true,"href":"https:\/\/gwuagency.com\/es\/wp-json\/wp\/v2\/comments?post=16264"}],"wp:attachment":[{"href":"https:\/\/gwuagency.com\/es\/wp-json\/wp\/v2\/media?parent=16264"}],"wp:term":[{"taxonomy":"product_cat","embeddable":true,"href":"https:\/\/gwuagency.com\/es\/wp-json\/wp\/v2\/product_cat?post=16264"},{"taxonomy":"product_tag","embeddable":true,"href":"https:\/\/gwuagency.com\/es\/wp-json\/wp\/v2\/product_tag?post=16264"}],"curies":[{"name":"wp","href":"https:\/\/api.w.org\/{rel}","templated":true}]}}