{"id":16265,"date":"2024-09-26T02:14:16","date_gmt":"2024-09-26T02:14:16","guid":{"rendered":"https:\/\/gwuagency.wpengine.com\/?post_type=product&#038;p=16265"},"modified":"2024-10-04T22:49:26","modified_gmt":"2024-10-04T22:49:26","slug":"professional-package","status":"publish","type":"product","link":"https:\/\/gwuagency.com\/es\/service\/professional-package\/","title":{"rendered":"Paquete profesional"},"content":{"rendered":"<ul>\n<li>Difusi\u00f3n en la cuenta de IG: m\u00e1s de 1000 seguimientos<\/li>\n<li>LinkedIn\/Correo electr\u00f3nico\/Contacto adicional: mensajes\/conexiones diarias<\/li>\n<li>Marketing por correo electr\u00f3nico y SMS<\/li>\n<li>SEO de nivel superior + soporte adicional para enlaces y reputaci\u00f3n o gesti\u00f3n de anuncios de nivel superior en 2 plataformas<\/li>\n<li>Creaci\u00f3n de sitio web o comunidad DFY<\/li>\n<li>Comunicado de prensa (3 art\u00edculos, 2 apariciones en televisi\u00f3n y 2 en podcasts)<\/li>\n<li>Auditor\u00eda empresarial: Escalado de ingresos, CRO, Viralizaci\u00f3n, Formaci\u00f3n de equipos, Tecnolog\u00eda, Creaci\u00f3n de ofertas y Consultor\u00eda de gesti\u00f3n (3 (1 HORA 15 MIN LLAMADA)<\/li>\n<li>60 ediciones de v\u00eddeo + 20 dise\u00f1os gr\u00e1ficos (gr\u00e1ficos individuales o carruseles)<\/li>\n<li>Publicaci\u00f3n en redes sociales y gesti\u00f3n de textos en Instagram y TikTok<\/li>\n<li class=\"translation-block\"><strong>Formaci\u00f3n completa en v\u00eddeo<\/strong> (M\u00e1s de 200 v\u00eddeos)<\/li>\n<li>Grupo comunitario privado<\/li>\n<\/ul>\n<p style=\"text-align: center;\"><strong>Continuaci\u00f3n cada 2 meses o plan personalizado generado (llamada de seguimiento en 2 meses).<\/strong><\/p>","protected":false},"excerpt":{"rendered":"<p>IG Account Outreach \u2013 1000+ Follow-ups LinkedIn\/Email\/Additional Outreach &#8211; Daily outbound messages\/connections Email &amp; SMS Marketing Highest Level SEO + additional backlinking &amp; reputation support or Highest Level Ad Management on 2 platforms Website or DFY Community Build out Press Release (3 Articles, 2 TV, and 2 Podcast Placements) Business Audit: Rev Scaling, CRO, Going [&hellip;]<\/p>","protected":false},"featured_media":0,"comment_status":"open","ping_status":"closed","template":"","meta":{"inline_featured_image":false},"product_cat":[144],"product_tag":[],"class_list":["post-16265","product","type-product","status-publish","hentry","product_cat-bundle-packages"],"jetpack_sharing_enabled":true,"_links":{"self":[{"href":"https:\/\/gwuagency.com\/es\/wp-json\/wp\/v2\/product\/16265","targetHints":{"allow":["GET"]}}],"collection":[{"href":"https:\/\/gwuagency.com\/es\/wp-json\/wp\/v2\/product"}],"about":[{"href":"https:\/\/gwuagency.com\/es\/wp-json\/wp\/v2\/types\/product"}],"replies":[{"embeddable":true,"href":"https:\/\/gwuagency.com\/es\/wp-json\/wp\/v2\/comments?post=16265"}],"wp:attachment":[{"href":"https:\/\/gwuagency.com\/es\/wp-json\/wp\/v2\/media?parent=16265"}],"wp:term":[{"taxonomy":"product_cat","embeddable":true,"href":"https:\/\/gwuagency.com\/es\/wp-json\/wp\/v2\/product_cat?post=16265"},{"taxonomy":"product_tag","embeddable":true,"href":"https:\/\/gwuagency.com\/es\/wp-json\/wp\/v2\/product_tag?post=16265"}],"curies":[{"name":"wp","href":"https:\/\/api.w.org\/{rel}","templated":true}]}}