{"id":16266,"date":"2024-09-26T02:16:25","date_gmt":"2024-09-26T02:16:25","guid":{"rendered":"https:\/\/gwuagency.wpengine.com\/?post_type=product&#038;p=16266"},"modified":"2024-10-04T22:49:34","modified_gmt":"2024-10-04T22:49:34","slug":"elite-package","status":"publish","type":"product","link":"https:\/\/gwuagency.com\/es\/service\/elite-package\/","title":{"rendered":"Paquete \u00c9lite"},"content":{"rendered":"<ul>\n<li>Difusi\u00f3n en la cuenta de IG: m\u00e1s de 1000 seguimientos + 3 p\u00e1ginas de respaldo (m\u00e1s de 500 seguimientos)<\/li>\n<li>LinkedIn\/Correo electr\u00f3nico\/3 Difusi\u00f3n adicional (TikTok, X, Facebook o m\u00e1s correos electr\u00f3nicos\/perfiles de LinkedIn) \u2013 Mensajes\/conexiones salientes diarias<\/li>\n<li>Marketing por correo electr\u00f3nico y SMS<\/li>\n<li>SEO de m\u00e1ximo nivel + soporte adicional para backlinks y reputaci\u00f3n o gesti\u00f3n de anuncios de m\u00e1ximo nivel en 3 plataformas<\/li>\n<li>Creaci\u00f3n de sitio web o comunidad DFY<\/li>\n<li>Comunicado de prensa (5 art\u00edculos, 4 apariciones en televisi\u00f3n y 4 menciones en podcasts)<\/li>\n<li>Auditor\u00eda empresarial: Escalado de ingresos, CRO, Viralizaci\u00f3n, Formaci\u00f3n de equipos, Tecnolog\u00eda, Creaci\u00f3n de ofertas y Consultor\u00eda de gesti\u00f3n (5 (1 HORA 15 MIN LLAMADA)<\/li>\n<li>Desarrollo de CRM<\/li>\n<li>90 ediciones de v\u00eddeo + 45 dise\u00f1os gr\u00e1ficos (gr\u00e1ficos individuales o carruseles)<\/li>\n<li>Publicaci\u00f3n en redes sociales y gesti\u00f3n de textos en 3 p\u00e1ginas de Instagram + TikTok + X<\/li>\n<li class=\"translation-block\"><strong>Formaci\u00f3n completa en v\u00eddeo<\/strong> (M\u00e1s de 200 v\u00eddeos)<\/li>\n<li>Grupo comunitario privado<\/li>\n<\/ul>\n<p style=\"text-align: center;\"><strong>Continuaci\u00f3n trimestral o plan personalizado (llamada de seguimiento a los 3 meses).<\/strong><\/p>","protected":false},"excerpt":{"rendered":"<p>IG Account Outreach \u2013 1000+ Follow-ups + 3 Backup pages (500+ follow-ups) LinkedIn\/Email\/3 Additional Outreach (TikTok, X, Facebook, or more emails\/LinkedIn profiles) &#8211; Daily outbound messages\/connections Email &amp; SMS Marketing Highest Level SEO + additional backlinking &amp; reputation support or Highest Level Ad Management on 3 platforms Website or DFY Community Build out Press Release [&hellip;]<\/p>","protected":false},"featured_media":0,"comment_status":"open","ping_status":"closed","template":"","meta":{"inline_featured_image":false},"product_cat":[144],"product_tag":[],"class_list":["post-16266","product","type-product","status-publish","hentry","product_cat-bundle-packages"],"jetpack_sharing_enabled":true,"_links":{"self":[{"href":"https:\/\/gwuagency.com\/es\/wp-json\/wp\/v2\/product\/16266","targetHints":{"allow":["GET"]}}],"collection":[{"href":"https:\/\/gwuagency.com\/es\/wp-json\/wp\/v2\/product"}],"about":[{"href":"https:\/\/gwuagency.com\/es\/wp-json\/wp\/v2\/types\/product"}],"replies":[{"embeddable":true,"href":"https:\/\/gwuagency.com\/es\/wp-json\/wp\/v2\/comments?post=16266"}],"wp:attachment":[{"href":"https:\/\/gwuagency.com\/es\/wp-json\/wp\/v2\/media?parent=16266"}],"wp:term":[{"taxonomy":"product_cat","embeddable":true,"href":"https:\/\/gwuagency.com\/es\/wp-json\/wp\/v2\/product_cat?post=16266"},{"taxonomy":"product_tag","embeddable":true,"href":"https:\/\/gwuagency.com\/es\/wp-json\/wp\/v2\/product_tag?post=16266"}],"curies":[{"name":"wp","href":"https:\/\/api.w.org\/{rel}","templated":true}]}}