{"id":16267,"date":"2024-09-26T02:18:08","date_gmt":"2024-09-26T02:18:08","guid":{"rendered":"https:\/\/gwuagency.wpengine.com\/?post_type=product&#038;p=16267"},"modified":"2024-10-04T22:49:40","modified_gmt":"2024-10-04T22:49:40","slug":"top-tier-package","status":"publish","type":"product","link":"https:\/\/gwuagency.com\/es\/service\/top-tier-package\/","title":{"rendered":"Paquete de nivel superior"},"content":{"rendered":"<ul>\n<li>Difusi\u00f3n en la cuenta de IG: m\u00e1s de 1000 seguimientos + 5 p\u00e1ginas de respaldo (m\u00e1s de 500 seguimientos)<\/li>\n<li>LinkedIn\/Correo electr\u00f3nico\/5 plataformas adicionales (TikTok, X, Facebook o m\u00e1s correos electr\u00f3nicos\/perfiles de LinkedIn) (m\u00e1s de 350 seguimientos en cada plataforma) \u2013 Mensajes\/conexiones salientes diarias<\/li>\n<li>Marketing por correo electr\u00f3nico y SMS<\/li>\n<li>SEO de m\u00e1ximo nivel + soporte adicional para backlinks y reputaci\u00f3n o Gesti\u00f3n de anuncios de m\u00e1ximo nivel en 4 plataformas (+ CREACI\u00d3N COMPLETA DE ANUNCIOS)<\/li>\n<li>Creaci\u00f3n de sitio web o comunidad DFY + p\u00e1gina de destino<\/li>\n<li>Comunicado de prensa (7 art\u00edculos, 7 apariciones en televisi\u00f3n y 7 menciones en podcasts)<\/li>\n<li>Auditor\u00eda empresarial: Escalado de ingresos, CRO, Viralizaci\u00f3n, Formaci\u00f3n de equipos, Tecnolog\u00eda, Creaci\u00f3n de ofertas y Consultor\u00eda de gesti\u00f3n (7 (1 HORA 15 MIN LLAMADA)<\/li>\n<li>Desarrollo y gesti\u00f3n de CRM<\/li>\n<li>120 ediciones de v\u00eddeo + 65 dise\u00f1os gr\u00e1ficos (gr\u00e1ficos individuales o carruseles)<\/li>\n<li>Publicaci\u00f3n en redes sociales + gesti\u00f3n de textos en 5 p\u00e1ginas de Instagram + todos los dem\u00e1s perfiles sociales<\/li>\n<li class=\"translation-block\"><strong>Formaci\u00f3n completa en v\u00eddeo<\/strong> (M\u00e1s de 200 v\u00eddeos)<\/li>\n<li>Grupo comunitario privado<\/li>\n<\/ul>\n<p style=\"text-align: center;\"><strong>Continuaci\u00f3n cada 4 meses o plan personalizado generado (llamada de seguimiento en 4 meses).<\/strong><\/p>","protected":false},"excerpt":{"rendered":"<p>IG Account Outreach \u2013 1000+ Follow-ups + 5 Backup pages (500+ follow-ups) LinkedIn\/Email\/5 Additional Outreach (TikTok, X, Facebook, or more emails\/LinkedIn profiles) (350+ FOLLOW UPS EACH PLATFORM) &#8211; Daily outbound messages\/connections Email &amp; SMS Marketing Highest Level SEO + additional backlinking &amp; reputation support or Highest Level Ad Management on 4 platforms (+ FULL AD [&hellip;]<\/p>","protected":false},"featured_media":0,"comment_status":"open","ping_status":"closed","template":"","meta":{"inline_featured_image":false},"product_cat":[144],"product_tag":[],"class_list":["post-16267","product","type-product","status-publish","hentry","product_cat-bundle-packages"],"jetpack_sharing_enabled":true,"_links":{"self":[{"href":"https:\/\/gwuagency.com\/es\/wp-json\/wp\/v2\/product\/16267","targetHints":{"allow":["GET"]}}],"collection":[{"href":"https:\/\/gwuagency.com\/es\/wp-json\/wp\/v2\/product"}],"about":[{"href":"https:\/\/gwuagency.com\/es\/wp-json\/wp\/v2\/types\/product"}],"replies":[{"embeddable":true,"href":"https:\/\/gwuagency.com\/es\/wp-json\/wp\/v2\/comments?post=16267"}],"wp:attachment":[{"href":"https:\/\/gwuagency.com\/es\/wp-json\/wp\/v2\/media?parent=16267"}],"wp:term":[{"taxonomy":"product_cat","embeddable":true,"href":"https:\/\/gwuagency.com\/es\/wp-json\/wp\/v2\/product_cat?post=16267"},{"taxonomy":"product_tag","embeddable":true,"href":"https:\/\/gwuagency.com\/es\/wp-json\/wp\/v2\/product_tag?post=16267"}],"curies":[{"name":"wp","href":"https:\/\/api.w.org\/{rel}","templated":true}]}}