{"id":16626,"date":"2024-10-17T07:45:15","date_gmt":"2024-10-17T07:45:15","guid":{"rendered":"https:\/\/gwuagency.wpengine.com\/?post_type=product&#038;p=16626"},"modified":"2025-02-18T08:15:44","modified_gmt":"2025-02-18T08:15:44","slug":"personal-brand-automations-starter-pending-review","status":"publish","type":"product","link":"https:\/\/gwuagency.com\/es\/service\/personal-brand-automations-starter-pending-review\/","title":{"rendered":"Automatizaci\u00f3n de la p\u00e1gina de marca personal\/empresa: nivel b\u00e1sico"},"content":{"rendered":"<ul>\n<li class=\"translation-block\"><strong>Planifica, escribe el guion y publica 14 reels de alta calidad al mes<\/strong><br>\n(Te proporcionamos una gu\u00eda paso a paso para que los grabes t\u00fa mismo sin necesidad de equipos costosos, o podemos grabarlos por ti por un peque\u00f1o cargo adicional).<\/li>\n<li>Cada mes, implementaremos una estrategia basada en las \u00faltimas tendencias para aumentar continuamente tus posibilidades de viralizar tu contenido. Nuestro equipo interno de especialistas trabajar\u00e1 exclusivamente en tu cuenta para garantizar resultados \u00f3ptimos.<\/li>\n<li class=\"translation-block\"><strong>Crea tu sitio web de marca personal, desarrolla ofertas y gestiona los pagos<\/strong><br> Te ayudaremos a crear un sitio web profesional, desarrollar ofertas y configurar un sistema de procesamiento de pagos sencillo para impulsar tu marca.<\/li>\n<li><strong>Comprehensive Video Training<\/strong><br \/>\nGain access to over 120 instructional videos covering everything you need to know, including how to monetize your brand and build a successful business from A to Z.<\/li>\n<\/ul>\n<p>$4,250. Luego solo $1,750 al mes.<\/p>","protected":false},"excerpt":{"rendered":"<p>Plan, Script, and Post 14 High-Quality Reels Per Month (We provide a step-by-step guide on how to film them yourself without the need for expensive equipment, or we can film them for you for a small additional fee.) Each month, we&#8217;ll implement a strategy based on the latest trends to continuously increase your chances of [&hellip;]<\/p>","protected":false},"featured_media":0,"comment_status":"open","ping_status":"closed","template":"","meta":{"inline_featured_image":false},"product_cat":[145],"product_tag":[],"class_list":["post-16626","product","type-product","status-publish","hentry","product_cat-personal-brand-company-page-automation"],"jetpack_sharing_enabled":true,"_links":{"self":[{"href":"https:\/\/gwuagency.com\/es\/wp-json\/wp\/v2\/product\/16626","targetHints":{"allow":["GET"]}}],"collection":[{"href":"https:\/\/gwuagency.com\/es\/wp-json\/wp\/v2\/product"}],"about":[{"href":"https:\/\/gwuagency.com\/es\/wp-json\/wp\/v2\/types\/product"}],"replies":[{"embeddable":true,"href":"https:\/\/gwuagency.com\/es\/wp-json\/wp\/v2\/comments?post=16626"}],"wp:attachment":[{"href":"https:\/\/gwuagency.com\/es\/wp-json\/wp\/v2\/media?parent=16626"}],"wp:term":[{"taxonomy":"product_cat","embeddable":true,"href":"https:\/\/gwuagency.com\/es\/wp-json\/wp\/v2\/product_cat?post=16626"},{"taxonomy":"product_tag","embeddable":true,"href":"https:\/\/gwuagency.com\/es\/wp-json\/wp\/v2\/product_tag?post=16626"}],"curies":[{"name":"wp","href":"https:\/\/api.w.org\/{rel}","templated":true}]}}