{"id":16968,"date":"2024-11-06T10:05:23","date_gmt":"2024-11-06T10:05:23","guid":{"rendered":"https:\/\/gwuagency.com\/?post_type=product&#038;p=16968"},"modified":"2024-11-16T20:40:38","modified_gmt":"2024-11-16T20:40:38","slug":"appointment-setting","status":"publish","type":"product","link":"https:\/\/gwuagency.com\/es\/service\/appointment-setting\/","title":{"rendered":"Programaci\u00f3n de citas"},"content":{"rendered":"<p>Responderemos a todos sus mensajes directos, ya sean procedentes de contenido org\u00e1nico, anuncios o nuestros servicios internos de generaci\u00f3n de clientes potenciales; dedicaremos varias horas al d\u00eda a la cuenta, manteniendo conversaciones genuinas con clientes potenciales, gui\u00e1ndolos para que se registren o compren su producto o servicio.<\/p>","protected":false},"excerpt":{"rendered":"<p>Responderemos a todos sus mensajes directos, ya sean procedentes de contenido org\u00e1nico, anuncios o nuestros servicios internos de generaci\u00f3n de clientes potenciales; dedicaremos varias horas al d\u00eda a la cuenta, manteniendo conversaciones genuinas con clientes potenciales, gui\u00e1ndolos para que se registren o compren su producto o servicio.<\/p>","protected":false},"featured_media":16979,"comment_status":"open","ping_status":"closed","template":"","meta":{"inline_featured_image":false},"product_cat":[146],"product_tag":[],"class_list":["post-16968","product","type-product","status-publish","has-post-thumbnail","hentry","product_cat-ig-account-outreach"],"jetpack_sharing_enabled":true,"_links":{"self":[{"href":"https:\/\/gwuagency.com\/es\/wp-json\/wp\/v2\/product\/16968","targetHints":{"allow":["GET"]}}],"collection":[{"href":"https:\/\/gwuagency.com\/es\/wp-json\/wp\/v2\/product"}],"about":[{"href":"https:\/\/gwuagency.com\/es\/wp-json\/wp\/v2\/types\/product"}],"replies":[{"embeddable":true,"href":"https:\/\/gwuagency.com\/es\/wp-json\/wp\/v2\/comments?post=16968"}],"wp:featuredmedia":[{"embeddable":true,"href":"https:\/\/gwuagency.com\/es\/wp-json\/wp\/v2\/media\/16979"}],"wp:attachment":[{"href":"https:\/\/gwuagency.com\/es\/wp-json\/wp\/v2\/media?parent=16968"}],"wp:term":[{"taxonomy":"product_cat","embeddable":true,"href":"https:\/\/gwuagency.com\/es\/wp-json\/wp\/v2\/product_cat?post=16968"},{"taxonomy":"product_tag","embeddable":true,"href":"https:\/\/gwuagency.com\/es\/wp-json\/wp\/v2\/product_tag?post=16968"}],"curies":[{"name":"wp","href":"https:\/\/api.w.org\/{rel}","templated":true}]}}