{"id":16989,"date":"2024-11-06T11:24:58","date_gmt":"2024-11-06T11:24:58","guid":{"rendered":"https:\/\/gwuagency.com\/?post_type=product&#038;p=16989"},"modified":"2024-11-06T11:26:08","modified_gmt":"2024-11-06T11:26:08","slug":"content-distribution","status":"publish","type":"product","link":"https:\/\/gwuagency.com\/es\/service\/content-distribution\/","title":{"rendered":"Distribuci\u00f3n de contenido"},"content":{"rendered":"<p>Nuestro servicio de distribuci\u00f3n de contenido ofrece una soluci\u00f3n eficaz para marcas que buscan potenciar su presencia online en diversas redes sociales. Dise\u00f1ado para ofrecer publicaciones de alta calidad de forma constante, este servicio es ideal para empresas que desean optimizar la creaci\u00f3n y distribuci\u00f3n de contenido con un impacto medible.<\/p>","protected":false},"excerpt":{"rendered":"<p>Nuestro servicio de distribuci\u00f3n de contenido ofrece una soluci\u00f3n eficaz para marcas que buscan potenciar su presencia online en diversas redes sociales. Dise\u00f1ado para ofrecer publicaciones de alta calidad de forma constante, este servicio es ideal para empresas que desean optimizar la creaci\u00f3n y distribuci\u00f3n de contenido con un impacto medible.<\/p>","protected":false},"featured_media":17006,"comment_status":"open","ping_status":"closed","template":"","meta":{"inline_featured_image":false},"product_cat":[22],"product_tag":[],"class_list":["post-16989","product","type-product","status-publish","has-post-thumbnail","hentry","product_cat-uncategorized"],"jetpack_sharing_enabled":true,"_links":{"self":[{"href":"https:\/\/gwuagency.com\/es\/wp-json\/wp\/v2\/product\/16989","targetHints":{"allow":["GET"]}}],"collection":[{"href":"https:\/\/gwuagency.com\/es\/wp-json\/wp\/v2\/product"}],"about":[{"href":"https:\/\/gwuagency.com\/es\/wp-json\/wp\/v2\/types\/product"}],"replies":[{"embeddable":true,"href":"https:\/\/gwuagency.com\/es\/wp-json\/wp\/v2\/comments?post=16989"}],"wp:featuredmedia":[{"embeddable":true,"href":"https:\/\/gwuagency.com\/es\/wp-json\/wp\/v2\/media\/17006"}],"wp:attachment":[{"href":"https:\/\/gwuagency.com\/es\/wp-json\/wp\/v2\/media?parent=16989"}],"wp:term":[{"taxonomy":"product_cat","embeddable":true,"href":"https:\/\/gwuagency.com\/es\/wp-json\/wp\/v2\/product_cat?post=16989"},{"taxonomy":"product_tag","embeddable":true,"href":"https:\/\/gwuagency.com\/es\/wp-json\/wp\/v2\/product_tag?post=16989"}],"curies":[{"name":"wp","href":"https:\/\/api.w.org\/{rel}","templated":true}]}}