{"id":17007,"date":"2024-11-06T11:35:14","date_gmt":"2024-11-06T11:35:14","guid":{"rendered":"https:\/\/gwuagency.com\/?post_type=product&#038;p=17007"},"modified":"2024-11-06T12:03:54","modified_gmt":"2024-11-06T12:03:54","slug":"photo-editing","status":"publish","type":"product","link":"https:\/\/gwuagency.com\/es\/service\/photo-editing\/","title":{"rendered":"Edici\u00f3n fotogr\u00e1fica"},"content":{"rendered":"<p>Mejora la calidad de tus im\u00e1genes con nuestro servicio profesional de edici\u00f3n fotogr\u00e1fica, dise\u00f1ado para que cada foto destaque. \u00a1Perfecto para empresas, influencers o cualquier persona que busque darle un toque profesional y sofisticado a sus fotos!<\/p>","protected":false},"excerpt":{"rendered":"<p>Mejora la calidad de tus im\u00e1genes con nuestro servicio profesional de edici\u00f3n fotogr\u00e1fica, dise\u00f1ado para que cada foto destaque. \u00a1Perfecto para empresas, influencers o cualquier persona que busque darle un toque profesional y sofisticado a sus fotos!<\/p>","protected":false},"featured_media":17038,"comment_status":"open","ping_status":"closed","template":"","meta":{"inline_featured_image":false},"product_cat":[36],"product_tag":[],"class_list":["post-17007","product","type-product","status-publish","has-post-thumbnail","hentry","product_cat-content-packages"],"jetpack_sharing_enabled":true,"_links":{"self":[{"href":"https:\/\/gwuagency.com\/es\/wp-json\/wp\/v2\/product\/17007","targetHints":{"allow":["GET"]}}],"collection":[{"href":"https:\/\/gwuagency.com\/es\/wp-json\/wp\/v2\/product"}],"about":[{"href":"https:\/\/gwuagency.com\/es\/wp-json\/wp\/v2\/types\/product"}],"replies":[{"embeddable":true,"href":"https:\/\/gwuagency.com\/es\/wp-json\/wp\/v2\/comments?post=17007"}],"wp:featuredmedia":[{"embeddable":true,"href":"https:\/\/gwuagency.com\/es\/wp-json\/wp\/v2\/media\/17038"}],"wp:attachment":[{"href":"https:\/\/gwuagency.com\/es\/wp-json\/wp\/v2\/media?parent=17007"}],"wp:term":[{"taxonomy":"product_cat","embeddable":true,"href":"https:\/\/gwuagency.com\/es\/wp-json\/wp\/v2\/product_cat?post=17007"},{"taxonomy":"product_tag","embeddable":true,"href":"https:\/\/gwuagency.com\/es\/wp-json\/wp\/v2\/product_tag?post=17007"}],"curies":[{"name":"wp","href":"https:\/\/api.w.org\/{rel}","templated":true}]}}