{"id":17019,"date":"2024-11-06T11:40:51","date_gmt":"2024-11-06T11:40:51","guid":{"rendered":"https:\/\/gwuagency.com\/?post_type=product&#038;p=17019"},"modified":"2024-11-06T11:40:51","modified_gmt":"2024-11-06T11:40:51","slug":"interior-exterior-design-realistic-render","status":"publish","type":"product","link":"https:\/\/gwuagency.com\/es\/service\/interior-exterior-design-realistic-render\/","title":{"rendered":"Dise\u00f1o de interiores y exteriores y renderizado realista"},"content":{"rendered":"<p>Haz realidad tus ideas arquitect\u00f3nicas con nuestros servicios de renderizado 3D de primer nivel. Tanto si dise\u00f1as una sola habitaci\u00f3n como un proyecto completo, nuestros renders detallados y realistas har\u00e1n que tu proyecto destaque, perfectos para presentaciones, marketing o planificaci\u00f3n.<\/p>","protected":false},"excerpt":{"rendered":"<p>Haz realidad tus ideas arquitect\u00f3nicas con nuestros servicios de renderizado 3D de primer nivel. Tanto si dise\u00f1as una sola habitaci\u00f3n como un proyecto completo, nuestros renders detallados y realistas har\u00e1n que tu proyecto destaque, perfectos para presentaciones, marketing o planificaci\u00f3n.<\/p>","protected":false},"featured_media":0,"comment_status":"open","ping_status":"closed","template":"","meta":{"inline_featured_image":false},"product_cat":[22],"product_tag":[],"class_list":["post-17019","product","type-product","status-publish","hentry","product_cat-uncategorized"],"jetpack_sharing_enabled":true,"_links":{"self":[{"href":"https:\/\/gwuagency.com\/es\/wp-json\/wp\/v2\/product\/17019","targetHints":{"allow":["GET"]}}],"collection":[{"href":"https:\/\/gwuagency.com\/es\/wp-json\/wp\/v2\/product"}],"about":[{"href":"https:\/\/gwuagency.com\/es\/wp-json\/wp\/v2\/types\/product"}],"replies":[{"embeddable":true,"href":"https:\/\/gwuagency.com\/es\/wp-json\/wp\/v2\/comments?post=17019"}],"wp:attachment":[{"href":"https:\/\/gwuagency.com\/es\/wp-json\/wp\/v2\/media?parent=17019"}],"wp:term":[{"taxonomy":"product_cat","embeddable":true,"href":"https:\/\/gwuagency.com\/es\/wp-json\/wp\/v2\/product_cat?post=17019"},{"taxonomy":"product_tag","embeddable":true,"href":"https:\/\/gwuagency.com\/es\/wp-json\/wp\/v2\/product_tag?post=17019"}],"curies":[{"name":"wp","href":"https:\/\/api.w.org\/{rel}","templated":true}]}}