{"id":17023,"date":"2024-11-06T11:51:07","date_gmt":"2024-11-06T11:51:07","guid":{"rendered":"https:\/\/gwuagency.com\/?post_type=product&#038;p=17023"},"modified":"2024-11-06T11:51:07","modified_gmt":"2024-11-06T11:51:07","slug":"3d-virtual-staging","status":"publish","type":"product","link":"https:\/\/gwuagency.com\/es\/service\/3d-virtual-staging\/","title":{"rendered":"Escenario virtual 3D"},"content":{"rendered":"<p>Transforme espacios vac\u00edos en ambientes visualmente impactantes y completamente amueblados con nuestro servicio de decoraci\u00f3n virtual 3D. Ideal para profesionales inmobiliarios, arquitectos y dise\u00f1adores de interiores, nuestra decoraci\u00f3n virtual aporta calidez y estilo a cualquier propiedad, ayudando a los clientes a visualizar sus futuros espacios.<\/p>","protected":false},"excerpt":{"rendered":"<p>Transforme espacios vac\u00edos en ambientes visualmente impactantes y completamente amueblados con nuestro servicio de decoraci\u00f3n virtual 3D. Ideal para profesionales inmobiliarios, arquitectos y dise\u00f1adores de interiores, nuestra decoraci\u00f3n virtual aporta calidez y estilo a cualquier propiedad, ayudando a los clientes a visualizar sus futuros espacios.<\/p>","protected":false},"featured_media":0,"comment_status":"open","ping_status":"closed","template":"","meta":{"inline_featured_image":false},"product_cat":[22],"product_tag":[],"class_list":["post-17023","product","type-product","status-publish","hentry","product_cat-uncategorized"],"jetpack_sharing_enabled":true,"_links":{"self":[{"href":"https:\/\/gwuagency.com\/es\/wp-json\/wp\/v2\/product\/17023","targetHints":{"allow":["GET"]}}],"collection":[{"href":"https:\/\/gwuagency.com\/es\/wp-json\/wp\/v2\/product"}],"about":[{"href":"https:\/\/gwuagency.com\/es\/wp-json\/wp\/v2\/types\/product"}],"replies":[{"embeddable":true,"href":"https:\/\/gwuagency.com\/es\/wp-json\/wp\/v2\/comments?post=17023"}],"wp:attachment":[{"href":"https:\/\/gwuagency.com\/es\/wp-json\/wp\/v2\/media?parent=17023"}],"wp:term":[{"taxonomy":"product_cat","embeddable":true,"href":"https:\/\/gwuagency.com\/es\/wp-json\/wp\/v2\/product_cat?post=17023"},{"taxonomy":"product_tag","embeddable":true,"href":"https:\/\/gwuagency.com\/es\/wp-json\/wp\/v2\/product_tag?post=17023"}],"curies":[{"name":"wp","href":"https:\/\/api.w.org\/{rel}","templated":true}]}}