{"id":17026,"date":"2024-11-06T11:53:41","date_gmt":"2024-11-06T11:53:41","guid":{"rendered":"https:\/\/gwuagency.com\/?post_type=product&#038;p=17026"},"modified":"2024-11-06T11:53:41","modified_gmt":"2024-11-06T11:53:41","slug":"3d-realistic-render-of-your-product","status":"publish","type":"product","link":"https:\/\/gwuagency.com\/es\/service\/3d-realistic-render-of-your-product\/","title":{"rendered":"Representaci\u00f3n 3D realista de su producto"},"content":{"rendered":"<p>Mejora tus proyectos visuales con nuestro servicio premium de renderizado de im\u00e1genes 3D de alta resoluci\u00f3n. Ideal para arquitectos, dise\u00f1adores y profesionales inmobiliarios, este servicio a\u00f1ade texturas realistas, iluminaci\u00f3n profesional y entornos personalizados para dar vida a cualquier concepto con un nivel de detalle impresionante.<\/p>\n<p>Im\u00e1genes de alta resoluci\u00f3n, texturas, iluminaci\u00f3n, fondos personalizados y entornos<\/p>","protected":false},"excerpt":{"rendered":"<p>Elevate your visuals with our premium high-resolution 3D image rendering service. Ideal for architects, designers, and real estate professionals, this service adds lifelike textures, expert lighting, and custom environments to bring any concept to life with stunning detail. High Res Images, Textures, Lighting, Custom Backgrounds &amp; Environment<\/p>","protected":false},"featured_media":0,"comment_status":"open","ping_status":"closed","template":"","meta":{"inline_featured_image":false},"product_cat":[22],"product_tag":[],"class_list":["post-17026","product","type-product","status-publish","hentry","product_cat-uncategorized"],"jetpack_sharing_enabled":true,"_links":{"self":[{"href":"https:\/\/gwuagency.com\/es\/wp-json\/wp\/v2\/product\/17026","targetHints":{"allow":["GET"]}}],"collection":[{"href":"https:\/\/gwuagency.com\/es\/wp-json\/wp\/v2\/product"}],"about":[{"href":"https:\/\/gwuagency.com\/es\/wp-json\/wp\/v2\/types\/product"}],"replies":[{"embeddable":true,"href":"https:\/\/gwuagency.com\/es\/wp-json\/wp\/v2\/comments?post=17026"}],"wp:attachment":[{"href":"https:\/\/gwuagency.com\/es\/wp-json\/wp\/v2\/media?parent=17026"}],"wp:term":[{"taxonomy":"product_cat","embeddable":true,"href":"https:\/\/gwuagency.com\/es\/wp-json\/wp\/v2\/product_cat?post=17026"},{"taxonomy":"product_tag","embeddable":true,"href":"https:\/\/gwuagency.com\/es\/wp-json\/wp\/v2\/product_tag?post=17026"}],"curies":[{"name":"wp","href":"https:\/\/api.w.org\/{rel}","templated":true}]}}