{"id":17033,"date":"2024-11-06T11:57:37","date_gmt":"2024-11-06T11:57:37","guid":{"rendered":"https:\/\/gwuagency.com\/?post_type=product&#038;p=17033"},"modified":"2024-11-10T02:36:51","modified_gmt":"2024-11-10T02:36:51","slug":"logo-animation","status":"publish","type":"product","link":"https:\/\/gwuagency.com\/es\/service\/logo-animation\/","title":{"rendered":"Animaci\u00f3n del logotipo"},"content":{"rendered":"<p>Haz que tu marca sea inolvidable con nuestro servicio profesional de animaci\u00f3n de logotipos. Perfecto para empresas que buscan a\u00f1adir dinamismo a su imagen de marca, nuestras animaciones est\u00e1n dise\u00f1adas para realzar tu logotipo con movimiento, estilo y energ\u00eda, ideales para v\u00eddeos, presentaciones y redes sociales.<\/p>","protected":false},"excerpt":{"rendered":"<p>Haz que tu marca sea inolvidable con nuestro servicio profesional de animaci\u00f3n de logotipos. Perfecto para empresas que buscan a\u00f1adir dinamismo a su imagen de marca, nuestras animaciones est\u00e1n dise\u00f1adas para realzar tu logotipo con movimiento, estilo y energ\u00eda, ideales para v\u00eddeos, presentaciones y redes sociales.<\/p>","protected":false},"featured_media":17092,"comment_status":"open","ping_status":"closed","template":"","meta":{"inline_featured_image":false},"product_cat":[28],"product_tag":[],"class_list":["post-17033","product","type-product","status-publish","has-post-thumbnail","hentry","product_cat-design-packages"],"jetpack_sharing_enabled":true,"_links":{"self":[{"href":"https:\/\/gwuagency.com\/es\/wp-json\/wp\/v2\/product\/17033","targetHints":{"allow":["GET"]}}],"collection":[{"href":"https:\/\/gwuagency.com\/es\/wp-json\/wp\/v2\/product"}],"about":[{"href":"https:\/\/gwuagency.com\/es\/wp-json\/wp\/v2\/types\/product"}],"replies":[{"embeddable":true,"href":"https:\/\/gwuagency.com\/es\/wp-json\/wp\/v2\/comments?post=17033"}],"wp:featuredmedia":[{"embeddable":true,"href":"https:\/\/gwuagency.com\/es\/wp-json\/wp\/v2\/media\/17092"}],"wp:attachment":[{"href":"https:\/\/gwuagency.com\/es\/wp-json\/wp\/v2\/media?parent=17033"}],"wp:term":[{"taxonomy":"product_cat","embeddable":true,"href":"https:\/\/gwuagency.com\/es\/wp-json\/wp\/v2\/product_cat?post=17033"},{"taxonomy":"product_tag","embeddable":true,"href":"https:\/\/gwuagency.com\/es\/wp-json\/wp\/v2\/product_tag?post=17033"}],"curies":[{"name":"wp","href":"https:\/\/api.w.org\/{rel}","templated":true}]}}