{"id":17034,"date":"2024-11-06T12:00:25","date_gmt":"2024-11-06T12:00:25","guid":{"rendered":"https:\/\/gwuagency.com\/?post_type=product&#038;p=17034"},"modified":"2024-11-06T12:00:25","modified_gmt":"2024-11-06T12:00:25","slug":"investor-ready-business-plan","status":"publish","type":"product","link":"https:\/\/gwuagency.com\/es\/service\/investor-ready-business-plan\/","title":{"rendered":"Plan de negocios listo para inversores"},"content":{"rendered":"<ul>\n<li>Resumen ejecutivo y de la empresa<\/li>\n<li>Desglose de productos o servicios<\/li>\n<li>An\u00e1lisis de mercado (An\u00e1lisis industrial, necesidades y tendencias del mercado, an\u00e1lisis competitivo y descripci\u00f3n del mercado objetivo)<\/li>\n<li>Resumen de estrategia e implementaci\u00f3n<\/li>\n<\/ul>\n<p>(Borde)<\/p>\n<ul>\n<li>Plan de marketing<\/li>\n<li>An\u00e1lisis FODA<\/li>\n<li>Gr\u00e1ficos y tablas importantes<\/li>\n<\/ul>","protected":false},"excerpt":{"rendered":"<p>Executive &amp; Company Summary Products or Services Breakdown Market Analysis (Industrial Analysis, Market Needs and Trends, Competitive, and Target Market Description) Strategy and Implementation Summary (Edge) Marketing Plan SWOT Analysis Important Charts and Graphs<\/p>","protected":false},"featured_media":0,"comment_status":"open","ping_status":"closed","template":"","meta":{"inline_featured_image":false},"product_cat":[22],"product_tag":[],"class_list":["post-17034","product","type-product","status-publish","hentry","product_cat-uncategorized"],"jetpack_sharing_enabled":true,"_links":{"self":[{"href":"https:\/\/gwuagency.com\/es\/wp-json\/wp\/v2\/product\/17034","targetHints":{"allow":["GET"]}}],"collection":[{"href":"https:\/\/gwuagency.com\/es\/wp-json\/wp\/v2\/product"}],"about":[{"href":"https:\/\/gwuagency.com\/es\/wp-json\/wp\/v2\/types\/product"}],"replies":[{"embeddable":true,"href":"https:\/\/gwuagency.com\/es\/wp-json\/wp\/v2\/comments?post=17034"}],"wp:attachment":[{"href":"https:\/\/gwuagency.com\/es\/wp-json\/wp\/v2\/media?parent=17034"}],"wp:term":[{"taxonomy":"product_cat","embeddable":true,"href":"https:\/\/gwuagency.com\/es\/wp-json\/wp\/v2\/product_cat?post=17034"},{"taxonomy":"product_tag","embeddable":true,"href":"https:\/\/gwuagency.com\/es\/wp-json\/wp\/v2\/product_tag?post=17034"}],"curies":[{"name":"wp","href":"https:\/\/api.w.org\/{rel}","templated":true}]}}