{"id":17454,"date":"2024-11-17T04:56:21","date_gmt":"2024-11-17T04:56:21","guid":{"rendered":"https:\/\/gwuagency.com\/?post_type=product&#038;p=17454"},"modified":"2024-12-16T14:38:46","modified_gmt":"2024-12-16T14:38:46","slug":"follow-up","status":"publish","type":"product","link":"https:\/\/gwuagency.com\/es\/service\/follow-up\/","title":{"rendered":"Seguimiento por correo electr\u00f3nico en fr\u00edo"},"content":{"rendered":"<ul>\n<li>Enviaremos correos electr\u00f3nicos de seguimiento para volver a contactar con las personas que no han respondido a sus mensajes.<\/li>\n<li>Animaremos a quienes no hayan completado su llamada a la acci\u00f3n (registrarse para obtener su producto\/servicio) a que lo hagan.<\/li>\n<li>Este servicio est\u00e1 disponible a un precio econ\u00f3mico, ofreciendo entre un 40% y un 70% de descuento sobre nuestra tarifa habitual de interacci\u00f3n por correo electr\u00f3nico.<\/li>\n<li>Si desea maximizar la generaci\u00f3n y conversi\u00f3n de clientes potenciales, este servicio es imprescindible para su negocio.<\/li>\n<\/ul>","protected":false},"excerpt":{"rendered":"<p>We will send follow-up emails to re-engage people who haven\u2019t responded to your messages. We\u2019ll encourage those who haven\u2019t completed your call to action (signing up for your product\/service) to follow through. This service is available at an economical rate, offering 40-70% off our regular email engagement rate. If you want to maximize lead generation [&hellip;]<\/p>","protected":false},"featured_media":0,"comment_status":"open","ping_status":"closed","template":"","meta":{"inline_featured_image":false},"product_cat":[149],"product_tag":[],"class_list":["post-17454","product","type-product","status-publish","hentry","product_cat-cold-email-outreach"],"jetpack_sharing_enabled":true,"_links":{"self":[{"href":"https:\/\/gwuagency.com\/es\/wp-json\/wp\/v2\/product\/17454","targetHints":{"allow":["GET"]}}],"collection":[{"href":"https:\/\/gwuagency.com\/es\/wp-json\/wp\/v2\/product"}],"about":[{"href":"https:\/\/gwuagency.com\/es\/wp-json\/wp\/v2\/types\/product"}],"replies":[{"embeddable":true,"href":"https:\/\/gwuagency.com\/es\/wp-json\/wp\/v2\/comments?post=17454"}],"wp:attachment":[{"href":"https:\/\/gwuagency.com\/es\/wp-json\/wp\/v2\/media?parent=17454"}],"wp:term":[{"taxonomy":"product_cat","embeddable":true,"href":"https:\/\/gwuagency.com\/es\/wp-json\/wp\/v2\/product_cat?post=17454"},{"taxonomy":"product_tag","embeddable":true,"href":"https:\/\/gwuagency.com\/es\/wp-json\/wp\/v2\/product_tag?post=17454"}],"curies":[{"name":"wp","href":"https:\/\/api.w.org\/{rel}","templated":true}]}}