{"id":17462,"date":"2024-11-17T04:56:22","date_gmt":"2024-11-17T04:56:22","guid":{"rendered":"https:\/\/gwuagency.com\/?post_type=product&#038;p=17462"},"modified":"2024-12-16T14:38:48","modified_gmt":"2024-12-16T14:38:48","slug":"cold-email-outreach","status":"publish","type":"product","link":"https:\/\/gwuagency.com\/es\/service\/cold-email-outreach\/","title":{"rendered":"Prospecci\u00f3n por correo electr\u00f3nico en fr\u00edo"},"content":{"rendered":"<ul>\n<li class=\"translation-block\">Nuestro servicio de <strong>Difusi\u00f3n por correo electr\u00f3nico dirigida<\/strong> incluye hasta 50 correos electr\u00f3nicos personalizados diarios, gestionados por nuestro experimentado equipo interno.<\/li>\n<li>Identificaremos a su p\u00fablico objetivo y desarrollaremos un guion de divulgaci\u00f3n personalizado para su aprobaci\u00f3n.<\/li>\n<li>Se ofrecer\u00e1n revisiones ilimitadas para garantizar que el guion se ajuste a sus expectativas.<\/li>\n<li>Este enfoque garantiza la obtenci\u00f3n diaria de clientes potenciales de alta calidad de su nicho de mercado elegido, impulsando el crecimiento del negocio y los ingresos.<\/li>\n<\/ul>","protected":false},"excerpt":{"rendered":"<p>Our Targeted Email Outreach service includes up to 50 custom emails daily, managed by our experienced in-house team. We\u2019ll identify your target audience and develop a tailored outreach script for your approval. Unlimited revisions will be offered to ensure the script matches your expectations. This approach guarantees daily, high-quality leads from your chosen niche, boosting [&hellip;]<\/p>","protected":false},"featured_media":0,"comment_status":"open","ping_status":"closed","template":"","meta":{"inline_featured_image":false},"product_cat":[149],"product_tag":[],"class_list":["post-17462","product","type-product","status-publish","hentry","product_cat-cold-email-outreach"],"jetpack_sharing_enabled":true,"_links":{"self":[{"href":"https:\/\/gwuagency.com\/es\/wp-json\/wp\/v2\/product\/17462","targetHints":{"allow":["GET"]}}],"collection":[{"href":"https:\/\/gwuagency.com\/es\/wp-json\/wp\/v2\/product"}],"about":[{"href":"https:\/\/gwuagency.com\/es\/wp-json\/wp\/v2\/types\/product"}],"replies":[{"embeddable":true,"href":"https:\/\/gwuagency.com\/es\/wp-json\/wp\/v2\/comments?post=17462"}],"wp:attachment":[{"href":"https:\/\/gwuagency.com\/es\/wp-json\/wp\/v2\/media?parent=17462"}],"wp:term":[{"taxonomy":"product_cat","embeddable":true,"href":"https:\/\/gwuagency.com\/es\/wp-json\/wp\/v2\/product_cat?post=17462"},{"taxonomy":"product_tag","embeddable":true,"href":"https:\/\/gwuagency.com\/es\/wp-json\/wp\/v2\/product_tag?post=17462"}],"curies":[{"name":"wp","href":"https:\/\/api.w.org\/{rel}","templated":true}]}}