{"id":17707,"date":"2024-12-01T06:19:28","date_gmt":"2024-12-01T06:19:28","guid":{"rendered":"https:\/\/gwuagency.com\/?post_type=product&#038;p=17707"},"modified":"2025-02-18T08:48:01","modified_gmt":"2025-02-18T08:48:01","slug":"consult-and-teach-you-how-to-develop-your-own-mobile-app-on-flutter-flow","status":"publish","type":"product","link":"https:\/\/gwuagency.com\/es\/service\/consult-and-teach-you-how-to-develop-your-own-mobile-app-on-flutter-flow\/","title":{"rendered":"Te ense\u00f1ar\u00e9 a crear una aplicaci\u00f3n m\u00f3vil usando Flutter Flow."},"content":{"rendered":"<p class=\"translation-block\"><strong>Desarrolla tu propia app m\u00f3vil con Flutter Flow<\/strong><br> Aprovecha el poder de Flutter para crear tus propias apps m\u00f3viles. Te ense\u00f1amos desde lo b\u00e1sico hasta conceptos intermedios, incluyendo Firebase para un almacenamiento y recuperaci\u00f3n de datos impecables. \u00bfNo tienes experiencia previa en programaci\u00f3n? \u00a1No hay problema! Empezar\u00e1s desde cero y avanzar\u00e1s hasta crear apps funcionales y multiplataforma.<\/p>\n<p><strong>Lo que abarcamos:<\/strong><\/p>\n<ul data-spread=\"false\">\n<li>Conceptos b\u00e1sicos de Dart y Flutter<\/li>\n<li>Dise\u00f1ando interfaces de usuario hermosas<\/li>\n<li>Comprender las estructuras de un proyecto Flutter<\/li>\n<li>Trabajar con widgets, capas y API<\/li>\n<li>Utilizando Firebase para la integraci\u00f3n de bases de datos<\/li>\n<li>Programaci\u00f3n orientada a objetos y mejores pr\u00e1cticas de codificaci\u00f3n<\/li>\n<li>Depuraci\u00f3n y correcci\u00f3n de errores<\/li>\n<li>Integraci\u00f3n de bases de datos y API<\/li>\n<\/ul>","protected":false},"excerpt":{"rendered":"<p>Develop Your Own Mobile App with Flutter Flow Harness the power of Flutter to create your very own mobile apps. We teach you everything from the basics to intermediate concepts, including Firebase for seamless data storage and retrieval. No prior coding experience? No problem! You&#8217;ll start from the ground up and progress to building functional, [&hellip;]<\/p>","protected":false},"featured_media":0,"comment_status":"open","ping_status":"closed","template":"","meta":{"inline_featured_image":false},"product_cat":[152],"product_tag":[],"class_list":["post-17707","product","type-product","status-publish","hentry","product_cat-consulting"],"jetpack_sharing_enabled":true,"_links":{"self":[{"href":"https:\/\/gwuagency.com\/es\/wp-json\/wp\/v2\/product\/17707","targetHints":{"allow":["GET"]}}],"collection":[{"href":"https:\/\/gwuagency.com\/es\/wp-json\/wp\/v2\/product"}],"about":[{"href":"https:\/\/gwuagency.com\/es\/wp-json\/wp\/v2\/types\/product"}],"replies":[{"embeddable":true,"href":"https:\/\/gwuagency.com\/es\/wp-json\/wp\/v2\/comments?post=17707"}],"wp:attachment":[{"href":"https:\/\/gwuagency.com\/es\/wp-json\/wp\/v2\/media?parent=17707"}],"wp:term":[{"taxonomy":"product_cat","embeddable":true,"href":"https:\/\/gwuagency.com\/es\/wp-json\/wp\/v2\/product_cat?post=17707"},{"taxonomy":"product_tag","embeddable":true,"href":"https:\/\/gwuagency.com\/es\/wp-json\/wp\/v2\/product_tag?post=17707"}],"curies":[{"name":"wp","href":"https:\/\/api.w.org\/{rel}","templated":true}]}}