{"id":17711,"date":"2024-12-01T06:53:39","date_gmt":"2024-12-01T06:53:39","guid":{"rendered":"https:\/\/gwuagency.com\/?post_type=product&#038;p=17711"},"modified":"2024-12-01T06:53:39","modified_gmt":"2024-12-01T06:53:39","slug":"dfy-podcast-launch","status":"publish","type":"product","link":"https:\/\/gwuagency.com\/es\/service\/dfy-podcast-launch\/","title":{"rendered":"Lanzamiento del podcast DFY"},"content":{"rendered":"<p>Transforma tu idea de podcast en un programa bien estructurado y con una imagen de marca profesional. Desde la planificaci\u00f3n del formato de los episodios hasta el dise\u00f1o de elementos visuales impactantes, te proporcionamos todo lo necesario para lanzar y hacer crecer un podcast exitoso.<\/p>\n<h3><b>Desarrollo estrat\u00e9gico<\/b><\/h3>\n<ul>\n<li aria-level=\"1\">Formato y frecuencia de los episodios: Dise\u00f1e la estructura y el calendario de publicaci\u00f3n perfectos para lograr una participaci\u00f3n constante.<\/li>\n<li aria-level=\"1\">C\u00f3mo nombrar tu podcast: Crea un t\u00edtulo distintivo y memorable que conecte con tu contenido y tu audiencia.<\/li>\n<\/ul>\n<h3><b>Marca y distribuci\u00f3n<\/b><\/h3>\n<ul>\n<li aria-level=\"1\">Creaci\u00f3n de intro y outro: Dise\u00f1a una firma de audio \u00fanica que marque el tono de tu podcast.<\/li>\n<li aria-level=\"1\">Dise\u00f1o de portadas para podcasts: Crea dise\u00f1os llamativos que capturen la identidad de tu podcast.<\/li>\n<li aria-level=\"1\">Alojamiento y distribuci\u00f3n: Configure una plataforma de alojamiento y distribuya sin problemas a los principales directorios como Apple Podcasts, Spotify y m\u00e1s.<\/li>\n<\/ul>\n<p>\u00a1Lanza tu podcast con claridad, profesionalismo y una marca que destaque!<\/p>","protected":false},"excerpt":{"rendered":"<p>Transform your podcast idea into a well-structured and professionally branded show. From planning episode formats to designing standout visuals, we provide everything you need to launch and grow a successful podcast. Strategic Development Episode Format &amp; Frequency: Tailor the perfect structure and release schedule for consistent engagement. Podcast Naming: Develop a distinctive, memorable title that [&hellip;]<\/p>","protected":false},"featured_media":0,"comment_status":"open","ping_status":"closed","template":"","meta":{"inline_featured_image":false},"product_cat":[22],"product_tag":[],"class_list":["post-17711","product","type-product","status-publish","hentry","product_cat-uncategorized"],"jetpack_sharing_enabled":true,"_links":{"self":[{"href":"https:\/\/gwuagency.com\/es\/wp-json\/wp\/v2\/product\/17711","targetHints":{"allow":["GET"]}}],"collection":[{"href":"https:\/\/gwuagency.com\/es\/wp-json\/wp\/v2\/product"}],"about":[{"href":"https:\/\/gwuagency.com\/es\/wp-json\/wp\/v2\/types\/product"}],"replies":[{"embeddable":true,"href":"https:\/\/gwuagency.com\/es\/wp-json\/wp\/v2\/comments?post=17711"}],"wp:attachment":[{"href":"https:\/\/gwuagency.com\/es\/wp-json\/wp\/v2\/media?parent=17711"}],"wp:term":[{"taxonomy":"product_cat","embeddable":true,"href":"https:\/\/gwuagency.com\/es\/wp-json\/wp\/v2\/product_cat?post=17711"},{"taxonomy":"product_tag","embeddable":true,"href":"https:\/\/gwuagency.com\/es\/wp-json\/wp\/v2\/product_tag?post=17711"}],"curies":[{"name":"wp","href":"https:\/\/api.w.org\/{rel}","templated":true}]}}