{"id":17712,"date":"2024-12-01T07:00:46","date_gmt":"2024-12-01T07:00:46","guid":{"rendered":"https:\/\/gwuagency.com\/?post_type=product&#038;p=17712"},"modified":"2024-12-01T07:12:44","modified_gmt":"2024-12-01T07:12:44","slug":"podcast-audio-video-editing","status":"publish","type":"product","link":"https:\/\/gwuagency.com\/es\/service\/podcast-audio-video-editing\/","title":{"rendered":"Edici\u00f3n de audio\/v\u00eddeo para podcasts"},"content":{"rendered":"<p>Mejora tu podcast con una edici\u00f3n profesional que cautivar\u00e1 a tu audiencia. Tanto si eres principiante como si ya tienes experiencia, nuestro servicio garantiza que tu contenido destaque.<\/p>","protected":false},"excerpt":{"rendered":"<p>Mejora tu podcast con una edici\u00f3n profesional que cautivar\u00e1 a tu audiencia. Tanto si eres principiante como si ya tienes experiencia, nuestro servicio garantiza que tu contenido destaque.<\/p>","protected":false},"featured_media":17726,"comment_status":"open","ping_status":"closed","template":"","meta":{"inline_featured_image":false},"product_cat":[36,22],"product_tag":[],"class_list":["post-17712","product","type-product","status-publish","has-post-thumbnail","hentry","product_cat-content-packages","product_cat-uncategorized"],"jetpack_sharing_enabled":true,"_links":{"self":[{"href":"https:\/\/gwuagency.com\/es\/wp-json\/wp\/v2\/product\/17712","targetHints":{"allow":["GET"]}}],"collection":[{"href":"https:\/\/gwuagency.com\/es\/wp-json\/wp\/v2\/product"}],"about":[{"href":"https:\/\/gwuagency.com\/es\/wp-json\/wp\/v2\/types\/product"}],"replies":[{"embeddable":true,"href":"https:\/\/gwuagency.com\/es\/wp-json\/wp\/v2\/comments?post=17712"}],"wp:featuredmedia":[{"embeddable":true,"href":"https:\/\/gwuagency.com\/es\/wp-json\/wp\/v2\/media\/17726"}],"wp:attachment":[{"href":"https:\/\/gwuagency.com\/es\/wp-json\/wp\/v2\/media?parent=17712"}],"wp:term":[{"taxonomy":"product_cat","embeddable":true,"href":"https:\/\/gwuagency.com\/es\/wp-json\/wp\/v2\/product_cat?post=17712"},{"taxonomy":"product_tag","embeddable":true,"href":"https:\/\/gwuagency.com\/es\/wp-json\/wp\/v2\/product_tag?post=17712"}],"curies":[{"name":"wp","href":"https:\/\/api.w.org\/{rel}","templated":true}]}}