{"id":17717,"date":"2024-12-01T07:03:53","date_gmt":"2024-12-01T07:03:53","guid":{"rendered":"https:\/\/gwuagency.com\/?post_type=product&#038;p=17717"},"modified":"2025-02-18T08:49:43","modified_gmt":"2025-02-18T08:49:43","slug":"podcast-consulting-to-launch-monetize-your-show","status":"publish","type":"product","link":"https:\/\/gwuagency.com\/es\/service\/podcast-consulting-to-launch-monetize-your-show\/","title":{"rendered":"Asesoramiento experto para lanzar y monetizar tu podcast."},"content":{"rendered":"<p><b>Lanza tu podcast con la ayuda de expertos<\/b><\/p>\n<p>Evita los errores comunes que comete el 99% de los nuevos podcasters y prepara tu programa para el \u00e9xito. Trabajamos exclusivamente con clientes que buscan aprovechar los podcasts como una poderosa herramienta para hacer crecer su negocio e incrementar sus ingresos.<\/p>\n<h3><b>Lo que obtendr\u00e1s:<\/b><\/h3>\n<ul>\n<li aria-level=\"1\"><b>Llamadas estrat\u00e9gicas individuales en directo:<\/b> Sesiones personalizadas v\u00eda Zoom para abordar tus necesidades \u00fanicas de podcasting.<\/li>\n<li aria-level=\"1\" class=\"translation-block\"><b>Plan personalizado de lanzamiento y monetizaci\u00f3n:<\/b> Dise\u00f1e la estrategia m\u00e1s eficaz para lanzar su podcast y generar ingresos a partir de \u00e9l.<\/li>\n<li aria-level=\"1\" class=\"translation-block\"><b>Soporte integral:<\/b> Haga cualquier pregunta relacionada con el podcast y reciba consejos pr\u00e1cticos durante la llamada.<\/li>\n<li aria-level=\"1\" class=\"translation-block\"><b>Grabaci\u00f3n de audio incluida:<\/b> Una grabaci\u00f3n completa de la sesi\u00f3n para repasar ideas y estrategias clave.<\/li>\n<\/ul>","protected":false},"excerpt":{"rendered":"<p>Launch Your Podcast with Expert Guidance Avoid the common mistakes 99% of new podcasters make and set your show up for success. We work exclusively with clients who aim to leverage podcasts as a powerful tool to grow their business and boost revenue. What You\u2019ll Get: 1-on-1 Live Strategy Calls: Tailored sessions via Zoom to [&hellip;]<\/p>","protected":false},"featured_media":0,"comment_status":"open","ping_status":"closed","template":"","meta":{"inline_featured_image":false},"product_cat":[152],"product_tag":[],"class_list":["post-17717","product","type-product","status-publish","hentry","product_cat-consulting"],"jetpack_sharing_enabled":true,"_links":{"self":[{"href":"https:\/\/gwuagency.com\/es\/wp-json\/wp\/v2\/product\/17717","targetHints":{"allow":["GET"]}}],"collection":[{"href":"https:\/\/gwuagency.com\/es\/wp-json\/wp\/v2\/product"}],"about":[{"href":"https:\/\/gwuagency.com\/es\/wp-json\/wp\/v2\/types\/product"}],"replies":[{"embeddable":true,"href":"https:\/\/gwuagency.com\/es\/wp-json\/wp\/v2\/comments?post=17717"}],"wp:attachment":[{"href":"https:\/\/gwuagency.com\/es\/wp-json\/wp\/v2\/media?parent=17717"}],"wp:term":[{"taxonomy":"product_cat","embeddable":true,"href":"https:\/\/gwuagency.com\/es\/wp-json\/wp\/v2\/product_cat?post=17717"},{"taxonomy":"product_tag","embeddable":true,"href":"https:\/\/gwuagency.com\/es\/wp-json\/wp\/v2\/product_tag?post=17717"}],"curies":[{"name":"wp","href":"https:\/\/api.w.org\/{rel}","templated":true}]}}