{"id":1855,"date":"2023-02-11T04:37:31","date_gmt":"2023-02-11T04:37:31","guid":{"rendered":"https:\/\/gwuagency.wpengine.com\/?post_type=product&#038;p=1855"},"modified":"2026-04-23T22:52:26","modified_gmt":"2026-04-23T22:52:26","slug":"all-start-package","status":"publish","type":"product","link":"https:\/\/gwuagency.com\/es\/service\/all-start-package\/","title":{"rendered":"All Star"},"content":{"rendered":"<ul>\n<li>775 mil seguidores reales (valor de $77,500)<\/li>\n<li>Publicado en 18 art\u00edculos<\/li>\n<li>Panel de conocimiento de Google (o prensa adicional)<\/li>\n<li>31 d\u00edas de captaci\u00f3n de clientes potenciales (50 mensajes directos altamente segmentados enviados diariamente para generar clientes potenciales) + 9 p\u00e1ginas de respaldo gratuitas (env\u00edo de 50 mensajes directos segmentados adicionales por d\u00eda) (Valor de $8,490)<\/li>\n<li>75 piezas de contenido de dise\u00f1o gr\u00e1fico o edici\u00f3n de video reel (valor de $3,375)<\/li>\n<li>Monthly engagement (25,000+ likes, 440,000+ views, 200+ comments per post)<\/li>\n<li>M\u00e1s de 140 v\u00eddeos de formaci\u00f3n sobre c\u00f3mo construir y monetizar tu marca personal o empresa en Instagram (valorado en 1.500 d\u00f3lares).<\/li>\n<li>Comunidad privada en Discord con miles de emprendedores afines con ingresos de 6 a 10 cifras.<\/li>\n<li>Acceso para socios (Gana con nosotros)<\/li>\n<li>Acceso al equipo las 24 horas del d\u00eda, los 7 d\u00edas de la semana (Invaluable)<\/li>\n<li>Se recomienda encarecidamente el pago de una cuota de mantenimiento despu\u00e9s de los primeros 31 d\u00edas para seguir alcanzando los niveles de interacci\u00f3n garantizados incluidos en este paquete, el crecimiento y el acceso a nuestro grupo privado de la comunidad. (1.700 \u20ac\/mes)\n<div class=\"tc_pord_cntent\"><\/div>\n<\/li>\n<\/ul>","protected":false},"excerpt":{"rendered":"<p>775k real followers ($77,500 value) Published in 18 Articles Google Knowledge Panel (or additional press) 31 Days Targeted Account Outreach (50 Highly Targeted DM&#8217;s Sent Daily To Bring You Leads) + 9 Backup Page Complimentary (Sending an Additional 50 Targeted DM&#8217;s Per Day) ($8,490 Value) 75 Pieces of Graphic Design Content or Reel Video Editing [&hellip;]<\/p>","protected":false},"featured_media":0,"comment_status":"open","ping_status":"closed","template":"","meta":{"inline_featured_image":false},"product_cat":[26],"product_tag":[],"class_list":["post-1855","product","type-product","status-publish","hentry","product_cat-popular-packages"],"jetpack_sharing_enabled":true,"_links":{"self":[{"href":"https:\/\/gwuagency.com\/es\/wp-json\/wp\/v2\/product\/1855","targetHints":{"allow":["GET"]}}],"collection":[{"href":"https:\/\/gwuagency.com\/es\/wp-json\/wp\/v2\/product"}],"about":[{"href":"https:\/\/gwuagency.com\/es\/wp-json\/wp\/v2\/types\/product"}],"replies":[{"embeddable":true,"href":"https:\/\/gwuagency.com\/es\/wp-json\/wp\/v2\/comments?post=1855"}],"wp:attachment":[{"href":"https:\/\/gwuagency.com\/es\/wp-json\/wp\/v2\/media?parent=1855"}],"wp:term":[{"taxonomy":"product_cat","embeddable":true,"href":"https:\/\/gwuagency.com\/es\/wp-json\/wp\/v2\/product_cat?post=1855"},{"taxonomy":"product_tag","embeddable":true,"href":"https:\/\/gwuagency.com\/es\/wp-json\/wp\/v2\/product_tag?post=1855"}],"curies":[{"name":"wp","href":"https:\/\/api.w.org\/{rel}","templated":true}]}}