{"id":1943,"date":"2023-02-16T19:06:25","date_gmt":"2023-02-16T19:06:25","guid":{"rendered":"https:\/\/gwuagency.wpengine.com\/?post_type=product&#038;p=1943"},"modified":"2024-11-10T04:48:47","modified_gmt":"2024-11-10T04:48:47","slug":"ig-targeted-account-outreach","status":"publish","type":"product","link":"https:\/\/gwuagency.com\/es\/service\/ig-targeted-account-outreach\/","title":{"rendered":"Prospecci\u00f3n en cuentas de Instagram"},"content":{"rendered":"<p>Nuestro servicio de captaci\u00f3n de cuentas segmentada incluye 50 mensajes diarios (l\u00edmite de Instagram) totalmente automatizados, realizados por nuestros expertos gestores de cuentas internos.<\/p>\n<p>Desarrollaremos tu p\u00fablico objetivo y un guion de captaci\u00f3n personalizado que te presentaremos antes de comenzar el servicio. Estamos seguros de que te encantar\u00e1 y, si no es as\u00ed, aceptamos revisiones ilimitadas.<\/p>\n<p>\u00a1Este servicio te proporcionar\u00e1 diariamente clientes potenciales y seguidores TARGET en el nicho demogr\u00e1fico que elijas!<\/p>\n<p>\u00a1Esta es la clave para generar m\u00e1s ingresos para ti y tu negocio!<\/p>","protected":false},"excerpt":{"rendered":"<p>Our Targeted Account Outreach includes daily messages 50\/day (Instagrams limit) completely handsfree for you done by our expert in house account managers. We will be developing your target audience &amp; developing a custom outreach script that we will present to you prior to starting the service! We&#8217;re sure you&#8217;ll love it and if not we [&hellip;]<\/p>","protected":false},"featured_media":1944,"comment_status":"open","ping_status":"closed","template":"","meta":{"inline_featured_image":false},"product_cat":[146],"product_tag":[],"class_list":["post-1943","product","type-product","status-publish","has-post-thumbnail","hentry","product_cat-ig-account-outreach"],"jetpack_sharing_enabled":true,"_links":{"self":[{"href":"https:\/\/gwuagency.com\/es\/wp-json\/wp\/v2\/product\/1943","targetHints":{"allow":["GET"]}}],"collection":[{"href":"https:\/\/gwuagency.com\/es\/wp-json\/wp\/v2\/product"}],"about":[{"href":"https:\/\/gwuagency.com\/es\/wp-json\/wp\/v2\/types\/product"}],"replies":[{"embeddable":true,"href":"https:\/\/gwuagency.com\/es\/wp-json\/wp\/v2\/comments?post=1943"}],"wp:featuredmedia":[{"embeddable":true,"href":"https:\/\/gwuagency.com\/es\/wp-json\/wp\/v2\/media\/1944"}],"wp:attachment":[{"href":"https:\/\/gwuagency.com\/es\/wp-json\/wp\/v2\/media?parent=1943"}],"wp:term":[{"taxonomy":"product_cat","embeddable":true,"href":"https:\/\/gwuagency.com\/es\/wp-json\/wp\/v2\/product_cat?post=1943"},{"taxonomy":"product_tag","embeddable":true,"href":"https:\/\/gwuagency.com\/es\/wp-json\/wp\/v2\/product_tag?post=1943"}],"curies":[{"name":"wp","href":"https:\/\/api.w.org\/{rel}","templated":true}]}}