{"id":3949,"date":"2023-06-03T03:03:08","date_gmt":"2023-06-03T03:03:08","guid":{"rendered":"https:\/\/gwuagency.wpengine.com\/?post_type=product&#038;p=3949"},"modified":"2024-08-20T05:25:09","modified_gmt":"2024-08-20T05:25:09","slug":"standard-mobile-app-development","status":"publish","type":"product","link":"https:\/\/gwuagency.com\/es\/service\/standard-mobile-app-development\/","title":{"rendered":"Aplicaci\u00f3n personalizada para iOS y Android"},"content":{"rendered":"<ul>\n<li>Aplicaci\u00f3n m\u00f3vil de alta calidad de 10 p\u00e1ginas<\/li>\n<li>Geovallas, pagos y chat<\/li>\n<li>Servidor back-end personalizado<\/li>\n<li>Prototipos y nuevas funciones personalizadas<\/li>\n<li>Integraci\u00f3n de interfaz de usuario con Google Maps<\/li>\n<li>Pagos dentro de la aplicaci\u00f3n y desplazamiento fluido<\/li>\n<li>Entrega r\u00e1pida con dise\u00f1o est\u00e9tico<\/li>\n<li>Excelente fidelidad de experiencia de usuario<\/li>\n<\/ul>","protected":false},"excerpt":{"rendered":"<p>10 Page High Quality Mobile App Geofencing, Payments, and Chat Custom back-end server Prototypes and new custom features UI\/Google Maps integration In-App Payments and smooth scrolling Fast delivery with aesthetic design Excellent user experience fidelity<\/p>","protected":false},"featured_media":0,"comment_status":"open","ping_status":"closed","template":"","meta":{"inline_featured_image":false},"product_cat":[78],"product_tag":[],"class_list":["post-3949","product","type-product","status-publish","hentry","product_cat-development"],"jetpack_sharing_enabled":true,"_links":{"self":[{"href":"https:\/\/gwuagency.com\/es\/wp-json\/wp\/v2\/product\/3949","targetHints":{"allow":["GET"]}}],"collection":[{"href":"https:\/\/gwuagency.com\/es\/wp-json\/wp\/v2\/product"}],"about":[{"href":"https:\/\/gwuagency.com\/es\/wp-json\/wp\/v2\/types\/product"}],"replies":[{"embeddable":true,"href":"https:\/\/gwuagency.com\/es\/wp-json\/wp\/v2\/comments?post=3949"}],"wp:attachment":[{"href":"https:\/\/gwuagency.com\/es\/wp-json\/wp\/v2\/media?parent=3949"}],"wp:term":[{"taxonomy":"product_cat","embeddable":true,"href":"https:\/\/gwuagency.com\/es\/wp-json\/wp\/v2\/product_cat?post=3949"},{"taxonomy":"product_tag","embeddable":true,"href":"https:\/\/gwuagency.com\/es\/wp-json\/wp\/v2\/product_tag?post=3949"}],"curies":[{"name":"wp","href":"https:\/\/api.w.org\/{rel}","templated":true}]}}