{"id":448,"date":"2022-11-08T13:56:38","date_gmt":"2022-11-08T13:56:38","guid":{"rendered":"https:\/\/dev.themecafe.net\/gwuagency\/?post_type=product&#038;p=448"},"modified":"2026-02-19T08:59:27","modified_gmt":"2026-02-19T08:59:27","slug":"top-tier","status":"publish","type":"product","link":"https:\/\/gwuagency.com\/es\/service\/top-tier\/","title":{"rendered":"Nivel superior"},"content":{"rendered":"<ul>\n<li>100.000 seguidores reales (valorado en 10.000 d\u00f3lares)<\/li>\n<li>Publicado en 8 art\u00edculos (Medium, Disrupt, Digital Journal, NY Weekly, LA Wire, US Reporter, Ritz Herald y Yahoo Finance) (valorado en 3.280 d\u00f3lares)<\/li>\n<li>31 d\u00edas de servicio de outreach dirigido a cuentas espec\u00edficas + seguimientos (valor de $1,350)<\/li>\n<li>9 piezas de contenido de dise\u00f1o gr\u00e1fico o edici\u00f3n de video reel (valor de $405)<\/li>\n<li>Engagement mensual (3,000+ likes, 50,000+ vistas, 90+ comentarios por publicaci\u00f3n)<\/li>\n<li>M\u00e1s de 140 v\u00eddeos de formaci\u00f3n sobre c\u00f3mo construir y monetizar tu marca personal o empresa en Instagram (valorado en 1.500 d\u00f3lares).<\/li>\n<li>Comunidad privada en Discord con miles de emprendedores afines con ingresos de 6 a 10 cifras.<\/li>\n<li>Acceso para socios (Gana con nosotros)<\/li>\n<li>Acceso al equipo las 24 horas del d\u00eda, los 7 d\u00edas de la semana (Invaluable)<\/li>\n<li>Se recomienda encarecidamente el pago de una cuota de mantenimiento despu\u00e9s de los primeros 31 d\u00edas para seguir alcanzando los niveles de interacci\u00f3n garantizados incluidos en este paquete, el crecimiento y el acceso a nuestro grupo privado de la comunidad. (449 $\/mes) (Valor: 2750 $)<\/li>\n<\/ul>","protected":false},"excerpt":{"rendered":"<ul>\n<li>100k real followers<\/li>\n<li>Published in 8 Articles<\/li>\n<li>70+ training videos on how to build and monetize your personal brand or company on Instagram<\/li>\n<li>Private community group with thousands of successful entrepreneurs<\/li>\n<li>Monthly engagement (3,000+ likes, 40,000+ Views, 90+ comments per post)<\/li>\n<li>Partnership access<\/li>\n<li>24\/7 team access<\/li>\n<li>Highly recommended maintenance fee after the first 31 days to continue to hit guaranteed engagement numbers included in this package, growth, and access to our private community group. ($449\/mo)<\/li>\n<\/ul>","protected":false},"featured_media":0,"comment_status":"open","ping_status":"closed","template":"","meta":{"inline_featured_image":false},"product_cat":[26],"product_tag":[],"class_list":["post-448","product","type-product","status-publish","hentry","product_cat-popular-packages"],"jetpack_sharing_enabled":true,"_links":{"self":[{"href":"https:\/\/gwuagency.com\/es\/wp-json\/wp\/v2\/product\/448","targetHints":{"allow":["GET"]}}],"collection":[{"href":"https:\/\/gwuagency.com\/es\/wp-json\/wp\/v2\/product"}],"about":[{"href":"https:\/\/gwuagency.com\/es\/wp-json\/wp\/v2\/types\/product"}],"replies":[{"embeddable":true,"href":"https:\/\/gwuagency.com\/es\/wp-json\/wp\/v2\/comments?post=448"}],"wp:attachment":[{"href":"https:\/\/gwuagency.com\/es\/wp-json\/wp\/v2\/media?parent=448"}],"wp:term":[{"taxonomy":"product_cat","embeddable":true,"href":"https:\/\/gwuagency.com\/es\/wp-json\/wp\/v2\/product_cat?post=448"},{"taxonomy":"product_tag","embeddable":true,"href":"https:\/\/gwuagency.com\/es\/wp-json\/wp\/v2\/product_tag?post=448"}],"curies":[{"name":"wp","href":"https:\/\/api.w.org\/{rel}","templated":true}]}}