{"id":5236,"date":"2023-08-27T02:44:02","date_gmt":"2023-08-27T02:44:02","guid":{"rendered":"https:\/\/gwuagency.wpengine.com\/?post_type=product&#038;p=5236"},"modified":"2023-08-28T16:17:25","modified_gmt":"2023-08-28T16:17:25","slug":"alexis-valladares-real-estate-masterclass-exclusive-offer","status":"publish","type":"product","link":"https:\/\/gwuagency.com\/es\/service\/alexis-valladares-real-estate-masterclass-exclusive-offer\/","title":{"rendered":"Oferta exclusiva para la clase magistral de bienes ra\u00edces de Alexis Valladares"},"content":{"rendered":"<ul>\n<li>35.000 seguidores 100% garantizados (Valor: 3.500 d\u00f3lares)<\/li>\n<li>3 art\u00edculos de prensa (Valor: $999)<\/li>\n<li>Captaci\u00f3n de clientes objetivo durante 30 d\u00edas (Valor: 849 d\u00f3lares)<\/li>\n<li>2 meses: 1000 me gusta, 20 000 visualizaciones, m\u00e1s de 25 comentarios (Valor: 399 $)<\/li>\n<li>Entrenamiento exclusivo en v\u00eddeo con m\u00e1s de 75 v\u00eddeos sobre c\u00f3mo seguir creciendo y monetizando en Instagram (Valor: 1.500 $)<\/li>\n<li>Acceso y asesoramiento para socios afiliados (Valor: 1.000 d\u00f3lares)<\/li>\n<li>Sesi\u00f3n de coaching individual con Mike (Valor: $750)<\/li>\n<li>5 publicaciones de contenido de dise\u00f1o gr\u00e1fico profesional (Valor: $150)<\/li>\n<li>Acceso a Mike por mensaje de texto las 24 horas del d\u00eda, los 7 d\u00edas de la semana (Valor: $1,000)<\/li>\n<\/ul>","protected":false},"excerpt":{"rendered":"<p>35k Followers 100% Guaranteed (Value: $3,500) 3 Press Articles (Value: $999) 30 Days Targeted Account Outreach (Value: $849) 2 Months: 1k likes, 20k views, 25+ comments (Value: $399) Exclusive Video training with 75+ videos on How To Continue To Grow &amp; Monetize on Instagram Guaranteed (Value: $1,500) Affiliate Partner Access &amp; Coaching (Value: $1,000) 1-on-1 [&hellip;]<\/p>","protected":false},"featured_media":5143,"comment_status":"open","ping_status":"closed","template":"","meta":{"inline_featured_image":false},"product_cat":[22],"product_tag":[],"class_list":["post-5236","product","type-product","status-publish","has-post-thumbnail","hentry","product_cat-uncategorized"],"jetpack_sharing_enabled":true,"_links":{"self":[{"href":"https:\/\/gwuagency.com\/es\/wp-json\/wp\/v2\/product\/5236","targetHints":{"allow":["GET"]}}],"collection":[{"href":"https:\/\/gwuagency.com\/es\/wp-json\/wp\/v2\/product"}],"about":[{"href":"https:\/\/gwuagency.com\/es\/wp-json\/wp\/v2\/types\/product"}],"replies":[{"embeddable":true,"href":"https:\/\/gwuagency.com\/es\/wp-json\/wp\/v2\/comments?post=5236"}],"wp:featuredmedia":[{"embeddable":true,"href":"https:\/\/gwuagency.com\/es\/wp-json\/wp\/v2\/media\/5143"}],"wp:attachment":[{"href":"https:\/\/gwuagency.com\/es\/wp-json\/wp\/v2\/media?parent=5236"}],"wp:term":[{"taxonomy":"product_cat","embeddable":true,"href":"https:\/\/gwuagency.com\/es\/wp-json\/wp\/v2\/product_cat?post=5236"},{"taxonomy":"product_tag","embeddable":true,"href":"https:\/\/gwuagency.com\/es\/wp-json\/wp\/v2\/product_tag?post=5236"}],"curies":[{"name":"wp","href":"https:\/\/api.w.org\/{rel}","templated":true}]}}