{"id":622,"date":"2022-11-09T09:47:59","date_gmt":"2022-11-09T09:47:59","guid":{"rendered":"https:\/\/dev.themecafe.net\/gwuagency\/?post_type=product&#038;p=622"},"modified":"2025-10-13T22:48:28","modified_gmt":"2025-10-13T22:48:28","slug":"legendary","status":"publish","type":"product","link":"https:\/\/gwuagency.com\/es\/service\/legendary\/","title":{"rendered":"Legendario"},"content":{"rendered":"<ul>\n<li>550.000 seguidores reales (valorado en 55.000 d\u00f3lares)<\/li>\n<li>Publicado en 15 art\u00edculos<\/li>\n<li>Panel de conocimiento de Google (o prensa adicional)<\/li>\n<li>31 d\u00edas de captaci\u00f3n de clientes potenciales (50 mensajes directos altamente segmentados enviados diariamente para generar clientes potenciales) + 6 p\u00e1ginas de respaldo gratuitas (env\u00edo de 50 mensajes directos segmentados adicionales por d\u00eda) (Valor de $5,943)<\/li>\n<li>40 piezas de contenido de dise\u00f1o gr\u00e1fico o edici\u00f3n de video reel (valor de $1,800)<\/li>\n<li>Engagement mensual (15,000+ likes, 250,000+ vistas, 200+ comentarios por publicaci\u00f3n)<\/li>\n<li>M\u00e1s de 140 v\u00eddeos de formaci\u00f3n sobre c\u00f3mo construir y monetizar tu marca personal o empresa en Instagram (valorado en 1.500 d\u00f3lares).<\/li>\n<li>Comunidad privada en Discord con miles de emprendedores afines con ingresos de 6 a 10 cifras.<\/li>\n<li>Acceso para socios (Gana con nosotros)<\/li>\n<li>Acceso al equipo las 24 horas del d\u00eda, los 7 d\u00edas de la semana (Invaluable)<\/li>\n<li>Se recomienda encarecidamente el pago de una cuota de mantenimiento despu\u00e9s de los primeros 31 d\u00edas para seguir alcanzando los niveles de interacci\u00f3n garantizados incluidos en este paquete, el crecimiento y el acceso a nuestro grupo privado de la comunidad. (1400 $\/mes)<\/li>\n<\/ul>","protected":false},"excerpt":{"rendered":"<p>550k real followers ($55,000 value) Published in 15 Articles Google Knowledge Panel (or additional press) 31 Days Targeted Account Outreach (50 Highly Targeted DM&#8217;s Sent Daily To Bring You Leads) + 6 Backup Page Complimentary (Sending an Additional 50 Targeted DM&#8217;s Per Day) ($5,943 Value) 40 Pieces of Graphic Design Content or Reel Video Editing [&hellip;]<\/p>","protected":false},"featured_media":0,"comment_status":"open","ping_status":"closed","template":"","meta":{"inline_featured_image":false},"product_cat":[26],"product_tag":[],"class_list":["post-622","product","type-product","status-publish","hentry","product_cat-popular-packages"],"jetpack_sharing_enabled":true,"_links":{"self":[{"href":"https:\/\/gwuagency.com\/es\/wp-json\/wp\/v2\/product\/622","targetHints":{"allow":["GET"]}}],"collection":[{"href":"https:\/\/gwuagency.com\/es\/wp-json\/wp\/v2\/product"}],"about":[{"href":"https:\/\/gwuagency.com\/es\/wp-json\/wp\/v2\/types\/product"}],"replies":[{"embeddable":true,"href":"https:\/\/gwuagency.com\/es\/wp-json\/wp\/v2\/comments?post=622"}],"wp:attachment":[{"href":"https:\/\/gwuagency.com\/es\/wp-json\/wp\/v2\/media?parent=622"}],"wp:term":[{"taxonomy":"product_cat","embeddable":true,"href":"https:\/\/gwuagency.com\/es\/wp-json\/wp\/v2\/product_cat?post=622"},{"taxonomy":"product_tag","embeddable":true,"href":"https:\/\/gwuagency.com\/es\/wp-json\/wp\/v2\/product_tag?post=622"}],"curies":[{"name":"wp","href":"https:\/\/api.w.org\/{rel}","templated":true}]}}