{"id":626,"date":"2022-11-09T10:30:17","date_gmt":"2022-11-09T10:30:17","guid":{"rendered":"https:\/\/dev.themecafe.net\/gwuagency\/?post_type=product&#038;p=626"},"modified":"2026-04-23T22:50:43","modified_gmt":"2026-04-23T22:50:43","slug":"professional","status":"publish","type":"product","link":"https:\/\/gwuagency.com\/es\/service\/professional\/","title":{"rendered":"Profesional"},"content":{"rendered":"<ul>\n<li>50.000 seguidores reales (valorado en 5.000 d\u00f3lares)<\/li>\n<li>Publicado en 5 art\u00edculos (Medium, Disrupt, Digital Journal, NY Weekly, LA Wire) (valor de $1,705)<\/li>\n<li>31 d\u00edas de servicio de outreach dirigido a cuentas espec\u00edficas + seguimientos (valor de $1,350)<\/li>\n<li>5 piezas de contenido de dise\u00f1o gr\u00e1fico o edici\u00f3n de video reel (valor de $225)<\/li>\n<li>Monthly engagement (1,500+ likes, 35+ comments per post, 30,000+ views)<\/li>\n<li>M\u00e1s de 140 v\u00eddeos de formaci\u00f3n sobre c\u00f3mo construir y monetizar tu marca personal o empresa en Instagram (valorado en 1.500 d\u00f3lares).<\/li>\n<li>Comunidad privada en Discord con miles de emprendedores afines con ingresos de 6 a 10 cifras.<\/li>\n<li>Acceso para socios (Gana con nosotros)<\/li>\n<li>Acceso al equipo las 24 horas del d\u00eda, los 7 d\u00edas de la semana (Invaluable)<\/li>\n<li>Se recomienda encarecidamente el pago de una cuota de mantenimiento despu\u00e9s de los primeros 31 d\u00edas para seguir alcanzando los niveles de interacci\u00f3n garantizados incluidos en este paquete, el crecimiento y el acceso a nuestro grupo privado de la comunidad. (249 $\/mes) (Valor: 1350 $)<\/li>\n<\/ul>","protected":false},"excerpt":{"rendered":"<p>50k real followers ($5,000 value) Published in 5 Articles (Medium, Disrupt, Digital Journal, NY Weekly, LA Wire) ($1,705 value) 31 Days of Targeted Account Outreach Service + followups ($1350 value) 5 Pieces of Graphic Design Content or Reel Video Editing ($225 value) Monthly engagement (1,500+ likes, 35+ comments per post, 30,000+ views) 140+ training videos [&hellip;]<\/p>","protected":false},"featured_media":0,"comment_status":"open","ping_status":"closed","template":"","meta":{"inline_featured_image":false},"product_cat":[26],"product_tag":[],"class_list":["post-626","product","type-product","status-publish","hentry","product_cat-popular-packages"],"jetpack_sharing_enabled":true,"_links":{"self":[{"href":"https:\/\/gwuagency.com\/es\/wp-json\/wp\/v2\/product\/626","targetHints":{"allow":["GET"]}}],"collection":[{"href":"https:\/\/gwuagency.com\/es\/wp-json\/wp\/v2\/product"}],"about":[{"href":"https:\/\/gwuagency.com\/es\/wp-json\/wp\/v2\/types\/product"}],"replies":[{"embeddable":true,"href":"https:\/\/gwuagency.com\/es\/wp-json\/wp\/v2\/comments?post=626"}],"wp:attachment":[{"href":"https:\/\/gwuagency.com\/es\/wp-json\/wp\/v2\/media?parent=626"}],"wp:term":[{"taxonomy":"product_cat","embeddable":true,"href":"https:\/\/gwuagency.com\/es\/wp-json\/wp\/v2\/product_cat?post=626"},{"taxonomy":"product_tag","embeddable":true,"href":"https:\/\/gwuagency.com\/es\/wp-json\/wp\/v2\/product_tag?post=626"}],"curies":[{"name":"wp","href":"https:\/\/api.w.org\/{rel}","templated":true}]}}