{"id":627,"date":"2022-11-09T10:31:34","date_gmt":"2022-11-09T10:31:34","guid":{"rendered":"https:\/\/dev.themecafe.net\/gwuagency\/?post_type=product&#038;p=627"},"modified":"2026-04-23T22:51:15","modified_gmt":"2026-04-23T22:51:15","slug":"advanced","status":"publish","type":"product","link":"https:\/\/gwuagency.com\/es\/service\/advanced\/","title":{"rendered":"Avanzado"},"content":{"rendered":"<ul>\n<li>25.000 seguidores reales (valor de $2.500)<\/li>\n<li>Publicado en 3 art\u00edculos (IB Reporter, American Daily Journal, Revista digital) (valor superior a 750 d\u00f3lares)<\/li>\n<li>Monthly engagement (1,000+ likes, 30+ comments, 15,000+ views)<\/li>\n<li>M\u00e1s de 140 v\u00eddeos de formaci\u00f3n sobre c\u00f3mo construir y monetizar tu marca personal o empresa en Instagram (valorado en 1.500 d\u00f3lares).<\/li>\n<li>Comunidad privada en Discord con miles de emprendedores afines con ingresos de 6 a 10 cifras.<\/li>\n<li>Acceso para socios (Gana con nosotros)<\/li>\n<li>Acceso al equipo las 24 horas del d\u00eda, los 7 d\u00edas de la semana (Invaluable)<\/li>\n<li>Se recomienda encarecidamente el pago de una cuota de mantenimiento despu\u00e9s de los primeros 31 d\u00edas para seguir alcanzando los niveles de interacci\u00f3n garantizados incluidos en este paquete, el crecimiento y el acceso a nuestro grupo privado de la comunidad. (199 $\/mes) (Valor: 1000 $)<\/li>\n<\/ul>","protected":false},"excerpt":{"rendered":"<p>25k real followers ($2,500 value) Published in 3 Articles (IB Reporter, American Daily Journal, Digital Journal) ($750+ value) Monthly engagement (1,000+ likes, 30+ comments, 15,000+ views) 140+ training videos on how to build and monetize your personal brand or company on Instagram ($1,500 value) Private Community on Discord with Thousands of like-minded 6-10 Figure Entrepreneurs [&hellip;]<\/p>","protected":false},"featured_media":0,"comment_status":"open","ping_status":"closed","template":"","meta":{"inline_featured_image":false},"product_cat":[26],"product_tag":[],"class_list":["post-627","product","type-product","status-publish","hentry","product_cat-popular-packages"],"jetpack_sharing_enabled":true,"_links":{"self":[{"href":"https:\/\/gwuagency.com\/es\/wp-json\/wp\/v2\/product\/627","targetHints":{"allow":["GET"]}}],"collection":[{"href":"https:\/\/gwuagency.com\/es\/wp-json\/wp\/v2\/product"}],"about":[{"href":"https:\/\/gwuagency.com\/es\/wp-json\/wp\/v2\/types\/product"}],"replies":[{"embeddable":true,"href":"https:\/\/gwuagency.com\/es\/wp-json\/wp\/v2\/comments?post=627"}],"wp:attachment":[{"href":"https:\/\/gwuagency.com\/es\/wp-json\/wp\/v2\/media?parent=627"}],"wp:term":[{"taxonomy":"product_cat","embeddable":true,"href":"https:\/\/gwuagency.com\/es\/wp-json\/wp\/v2\/product_cat?post=627"},{"taxonomy":"product_tag","embeddable":true,"href":"https:\/\/gwuagency.com\/es\/wp-json\/wp\/v2\/product_tag?post=627"}],"curies":[{"name":"wp","href":"https:\/\/api.w.org\/{rel}","templated":true}]}}