{"id":628,"date":"2022-11-09T10:33:46","date_gmt":"2022-11-09T10:33:46","guid":{"rendered":"https:\/\/dev.themecafe.net\/gwuagency\/?post_type=product&#038;p=628"},"modified":"2026-04-23T22:51:34","modified_gmt":"2026-04-23T22:51:34","slug":"starter","status":"publish","type":"product","link":"https:\/\/gwuagency.com\/es\/service\/starter\/","title":{"rendered":"Arrancador"},"content":{"rendered":"<ul>\n<li>15.000 seguidores reales (valor de $1.500)<\/li>\n<li>Monthly engagement (700+ likes, 20+ Comments, 10,000+ views Guaranteed)<\/li>\n<li>M\u00e1s de 140 v\u00eddeos de formaci\u00f3n sobre c\u00f3mo construir y monetizar tu marca personal o empresa en Instagram (valorado en 1.500 d\u00f3lares).<\/li>\n<li>Comunidad privada en Discord con miles de emprendedores afines con ingresos de 6 a 10 cifras.<\/li>\n<li>Acceso para socios (Gana con nosotros)<\/li>\n<li>Acceso al equipo las 24 horas del d\u00eda, los 7 d\u00edas de la semana (Invaluable)<\/li>\n<li>Se recomienda encarecidamente el pago de una cuota de mantenimiento despu\u00e9s de los primeros 31 d\u00edas para seguir alcanzando los niveles de interacci\u00f3n garantizados incluidos en este paquete, el crecimiento y el acceso a nuestro grupo privado de la comunidad. (149 $\/mes) (Valor: 590 $)<\/li>\n<\/ul>","protected":false},"excerpt":{"rendered":"<p>15k real followers ($1,500 value) Monthly engagement (700+ likes, 20+ Comments, 10,000+ views Guaranteed) 140+ training videos on how to build and monetize your personal brand or company on Instagram ($1,500 value) Private Community on Discord with Thousands of like-minded 6-10 Figure Entrepreneurs Partnership access (Earn With Us) 24\/7 team access (Priceless) Highly recommended maintenance [&hellip;]<\/p>","protected":false},"featured_media":0,"comment_status":"open","ping_status":"closed","template":"","meta":{"inline_featured_image":false},"product_cat":[26],"product_tag":[],"class_list":["post-628","product","type-product","status-publish","hentry","product_cat-popular-packages"],"jetpack_sharing_enabled":true,"_links":{"self":[{"href":"https:\/\/gwuagency.com\/es\/wp-json\/wp\/v2\/product\/628","targetHints":{"allow":["GET"]}}],"collection":[{"href":"https:\/\/gwuagency.com\/es\/wp-json\/wp\/v2\/product"}],"about":[{"href":"https:\/\/gwuagency.com\/es\/wp-json\/wp\/v2\/types\/product"}],"replies":[{"embeddable":true,"href":"https:\/\/gwuagency.com\/es\/wp-json\/wp\/v2\/comments?post=628"}],"wp:attachment":[{"href":"https:\/\/gwuagency.com\/es\/wp-json\/wp\/v2\/media?parent=628"}],"wp:term":[{"taxonomy":"product_cat","embeddable":true,"href":"https:\/\/gwuagency.com\/es\/wp-json\/wp\/v2\/product_cat?post=628"},{"taxonomy":"product_tag","embeddable":true,"href":"https:\/\/gwuagency.com\/es\/wp-json\/wp\/v2\/product_tag?post=628"}],"curies":[{"name":"wp","href":"https:\/\/api.w.org\/{rel}","templated":true}]}}