{"id":6288,"date":"2023-09-20T20:19:07","date_gmt":"2023-09-20T20:19:07","guid":{"rendered":"https:\/\/gwuagency.wpengine.com\/?post_type=product&#038;p=6288"},"modified":"2023-09-20T20:28:17","modified_gmt":"2023-09-20T20:28:17","slug":"fast-track-grow-with-us-affiliate-package","status":"publish","type":"product","link":"https:\/\/gwuagency.com\/es\/service\/fast-track-grow-with-us-affiliate-package\/","title":{"rendered":"Paquete de afiliados de v\u00eda r\u00e1pida para crecer con nosotros"},"content":{"rendered":"<ul>\n<li>15k seguidores 100% garantizados.<\/li>\n<li>Interacci\u00f3n mensual garantizada (m\u00e1s de 750 \"me gusta\", m\u00e1s de 30 comentarios y m\u00e1s de 10 000 visualizaciones).<\/li>\n<li>Formaci\u00f3n exclusiva en v\u00eddeo con m\u00e1s de 75 v\u00eddeos sobre c\u00f3mo seguir creciendo y monetizando en Instagram, garantizado.<\/li>\n<li>Acceso y asesoramiento para socios afiliados.<\/li>\n<li>Private Community Group with Thousands of Successful Entrepreneurs.<\/li>\n<li>M\u00faltiples p\u00e1ginas de respaldo lograron 2000 seguidores<\/li>\n<\/ul>","protected":false},"excerpt":{"rendered":"<p>15k Followers 100% Guaranteed. Monthly Engagement (750+ likes, 30+ Comments, 10,000+ views Guaranteed). Exclusive Video training with 75+ videos on How To Continue To Grow &amp; Monetize on Instagram Guaranteed. Affiliate Partner Access &amp; Coaching. Private Community Group with Thousands of Successful Entrepreneurs. Multiple Backup Pages Grown 2,000 Followers<\/p>","protected":false},"featured_media":6289,"comment_status":"open","ping_status":"closed","template":"","meta":{"inline_featured_image":false},"product_cat":[22],"product_tag":[],"class_list":["post-6288","product","type-product","status-publish","has-post-thumbnail","hentry","product_cat-uncategorized"],"jetpack_sharing_enabled":true,"_links":{"self":[{"href":"https:\/\/gwuagency.com\/es\/wp-json\/wp\/v2\/product\/6288","targetHints":{"allow":["GET"]}}],"collection":[{"href":"https:\/\/gwuagency.com\/es\/wp-json\/wp\/v2\/product"}],"about":[{"href":"https:\/\/gwuagency.com\/es\/wp-json\/wp\/v2\/types\/product"}],"replies":[{"embeddable":true,"href":"https:\/\/gwuagency.com\/es\/wp-json\/wp\/v2\/comments?post=6288"}],"wp:featuredmedia":[{"embeddable":true,"href":"https:\/\/gwuagency.com\/es\/wp-json\/wp\/v2\/media\/6289"}],"wp:attachment":[{"href":"https:\/\/gwuagency.com\/es\/wp-json\/wp\/v2\/media?parent=6288"}],"wp:term":[{"taxonomy":"product_cat","embeddable":true,"href":"https:\/\/gwuagency.com\/es\/wp-json\/wp\/v2\/product_cat?post=6288"},{"taxonomy":"product_tag","embeddable":true,"href":"https:\/\/gwuagency.com\/es\/wp-json\/wp\/v2\/product_tag?post=6288"}],"curies":[{"name":"wp","href":"https:\/\/api.w.org\/{rel}","templated":true}]}}