{"id":6290,"date":"2023-09-20T20:28:44","date_gmt":"2023-09-20T20:28:44","guid":{"rendered":"https:\/\/gwuagency.wpengine.com\/?post_type=product&#038;p=6290"},"modified":"2023-09-20T20:31:34","modified_gmt":"2023-09-20T20:31:34","slug":"elite-engagement-v2","status":"publish","type":"product","link":"https:\/\/gwuagency.com\/es\/service\/elite-engagement-v2\/","title":{"rendered":"Compromiso de \u00e9lite"},"content":{"rendered":"<ul>\n<li>Interacci\u00f3n mensual (m\u00e1s de 2500 \"Me gusta\", m\u00e1s de 25 000 visualizaciones, m\u00e1s de 80 comentarios por publicaci\u00f3n)<\/li>\n<\/ul>","protected":false},"excerpt":{"rendered":"<p>Interacci\u00f3n mensual (m\u00e1s de 2500 \"Me gusta\", m\u00e1s de 25 000 visualizaciones, m\u00e1s de 80 comentarios por publicaci\u00f3n)<\/p>","protected":false},"featured_media":0,"comment_status":"open","ping_status":"closed","template":"","meta":{"inline_featured_image":false},"product_cat":[22],"product_tag":[],"class_list":["post-6290","product","type-product","status-publish","hentry","product_cat-uncategorized"],"jetpack_sharing_enabled":true,"_links":{"self":[{"href":"https:\/\/gwuagency.com\/es\/wp-json\/wp\/v2\/product\/6290","targetHints":{"allow":["GET"]}}],"collection":[{"href":"https:\/\/gwuagency.com\/es\/wp-json\/wp\/v2\/product"}],"about":[{"href":"https:\/\/gwuagency.com\/es\/wp-json\/wp\/v2\/types\/product"}],"replies":[{"embeddable":true,"href":"https:\/\/gwuagency.com\/es\/wp-json\/wp\/v2\/comments?post=6290"}],"wp:attachment":[{"href":"https:\/\/gwuagency.com\/es\/wp-json\/wp\/v2\/media?parent=6290"}],"wp:term":[{"taxonomy":"product_cat","embeddable":true,"href":"https:\/\/gwuagency.com\/es\/wp-json\/wp\/v2\/product_cat?post=6290"},{"taxonomy":"product_tag","embeddable":true,"href":"https:\/\/gwuagency.com\/es\/wp-json\/wp\/v2\/product_tag?post=6290"}],"curies":[{"name":"wp","href":"https:\/\/api.w.org\/{rel}","templated":true}]}}