{"id":8004,"date":"2023-11-13T22:03:36","date_gmt":"2023-11-13T22:03:36","guid":{"rendered":"https:\/\/gwuagency.wpengine.com\/?post_type=product&#038;p=8004"},"modified":"2026-02-19T09:16:31","modified_gmt":"2026-02-19T09:16:31","slug":"superior","status":"publish","type":"product","link":"https:\/\/gwuagency.com\/es\/service\/superior\/","title":{"rendered":"Superior"},"content":{"rendered":"<ul>\n<li>35.000 seguidores reales (valorado en 3.500 d\u00f3lares)<\/li>\n<li>Publicado en 4 art\u00edculos (NY Weekly, IB Reporter, Digital Journal y Medium) (valorado en m\u00e1s de 1200 d\u00f3lares).<\/li>\n<li>31 d\u00edas de servicio de outreach dirigido a cuentas espec\u00edficas + seguimientos (valor de $1,350)<\/li>\n<li>3 piezas de contenido de dise\u00f1o gr\u00e1fico o edici\u00f3n de video reel (valor de $135)<\/li>\n<li>Engagement mensual (1,350+ likes, 30,000+ vistas, 40+ comentarios por publicaci\u00f3n)<\/li>\n<li>M\u00e1s de 140 v\u00eddeos de formaci\u00f3n sobre c\u00f3mo construir y monetizar tu marca personal o empresa en Instagram (valorado en 1.500 d\u00f3lares).<\/li>\n<li>Comunidad privada en Discord con miles de emprendedores afines con ingresos de 6 a 10 cifras.<\/li>\n<li>Acceso para socios (Gana con nosotros)<\/li>\n<li>Acceso al equipo las 24 horas del d\u00eda, los 7 d\u00edas de la semana (Invaluable)<\/li>\n<li><span style=\"font-size: 16px;\">Se recomienda encarecidamente el pago de una cuota de mantenimiento despu\u00e9s de los primeros 31 d\u00edas para seguir alcanzando los niveles de participaci\u00f3n garantizados incluidos en este paquete, el crecimiento y el acceso a nuestro grupo privado de la comunidad. (225 $\/mes)<\/span><\/li>\n<\/ul>","protected":false},"excerpt":{"rendered":"<p>35k real followers ($3,500 value) Published in 4 Articles (NY Weekly, IB Reporter, Digital Journal, and Medium) ($1,200+ value) 31 Days of Targeted Account Outreach Service + followups ($1350 value) 3 Pieces of Graphic Design Content or Reel Video Editing ($135 value) Monthly engagement (1,350+ likes, 30,000+ views, 40+ comments per post 140+ training videos [&hellip;]<\/p>","protected":false},"featured_media":0,"comment_status":"open","ping_status":"closed","template":"","meta":{"inline_featured_image":false},"product_cat":[26],"product_tag":[],"class_list":["post-8004","product","type-product","status-publish","hentry","product_cat-popular-packages"],"jetpack_sharing_enabled":true,"_links":{"self":[{"href":"https:\/\/gwuagency.com\/es\/wp-json\/wp\/v2\/product\/8004","targetHints":{"allow":["GET"]}}],"collection":[{"href":"https:\/\/gwuagency.com\/es\/wp-json\/wp\/v2\/product"}],"about":[{"href":"https:\/\/gwuagency.com\/es\/wp-json\/wp\/v2\/types\/product"}],"replies":[{"embeddable":true,"href":"https:\/\/gwuagency.com\/es\/wp-json\/wp\/v2\/comments?post=8004"}],"wp:attachment":[{"href":"https:\/\/gwuagency.com\/es\/wp-json\/wp\/v2\/media?parent=8004"}],"wp:term":[{"taxonomy":"product_cat","embeddable":true,"href":"https:\/\/gwuagency.com\/es\/wp-json\/wp\/v2\/product_cat?post=8004"},{"taxonomy":"product_tag","embeddable":true,"href":"https:\/\/gwuagency.com\/es\/wp-json\/wp\/v2\/product_tag?post=8004"}],"curies":[{"name":"wp","href":"https:\/\/api.w.org\/{rel}","templated":true}]}}