{"id":850,"date":"2022-11-10T16:54:33","date_gmt":"2022-11-10T16:54:33","guid":{"rendered":"https:\/\/dev.themecafe.net\/gwuagency\/?post_type=product&#038;p=850"},"modified":"2024-11-10T05:28:04","modified_gmt":"2024-11-10T05:28:04","slug":"explainer-video","status":"publish","type":"product","link":"https:\/\/gwuagency.com\/es\/service\/explainer-video\/","title":{"rendered":"V\u00eddeo explicativo"},"content":{"rendered":"<ul>\n<li>Animaci\u00f3n, grabaci\u00f3n de voz en off, fondo ilustrado, m\u00fasica<\/li>\n<li>Perfecto para v\u00eddeos de negocios<\/li>\n<li>Edici\u00f3n y producci\u00f3n de v\u00eddeo de alta calidad<\/li>\n<li>Plantillas que se adaptan a la identidad de tu marca<\/li>\n<\/ul>","protected":false},"excerpt":{"rendered":"<p>Animation, Voice over recording, illustrated background, music Perfect for business video High-quality video editing and production Templates to match your brand identity<\/p>","protected":false},"featured_media":1563,"comment_status":"open","ping_status":"closed","template":"","meta":{"inline_featured_image":false},"product_cat":[36],"product_tag":[],"class_list":["post-850","product","type-product","status-publish","has-post-thumbnail","hentry","product_cat-content-packages"],"jetpack_sharing_enabled":true,"_links":{"self":[{"href":"https:\/\/gwuagency.com\/es\/wp-json\/wp\/v2\/product\/850","targetHints":{"allow":["GET"]}}],"collection":[{"href":"https:\/\/gwuagency.com\/es\/wp-json\/wp\/v2\/product"}],"about":[{"href":"https:\/\/gwuagency.com\/es\/wp-json\/wp\/v2\/types\/product"}],"replies":[{"embeddable":true,"href":"https:\/\/gwuagency.com\/es\/wp-json\/wp\/v2\/comments?post=850"}],"wp:featuredmedia":[{"embeddable":true,"href":"https:\/\/gwuagency.com\/es\/wp-json\/wp\/v2\/media\/1563"}],"wp:attachment":[{"href":"https:\/\/gwuagency.com\/es\/wp-json\/wp\/v2\/media?parent=850"}],"wp:term":[{"taxonomy":"product_cat","embeddable":true,"href":"https:\/\/gwuagency.com\/es\/wp-json\/wp\/v2\/product_cat?post=850"},{"taxonomy":"product_tag","embeddable":true,"href":"https:\/\/gwuagency.com\/es\/wp-json\/wp\/v2\/product_tag?post=850"}],"curies":[{"name":"wp","href":"https:\/\/api.w.org\/{rel}","templated":true}]}}